{"id":756,"date":"2023-09-19T12:05:54","date_gmt":"2023-09-19T10:05:54","guid":{"rendered":"https:\/\/www.duerer-hotel.de\/kontakt-anfahrt\/"},"modified":"2025-12-30T11:39:43","modified_gmt":"2025-12-30T09:39:43","slug":"kontakt-anfahrt","status":"publish","type":"page","link":"https:\/\/www.duerer-hotel.de\/en\/kontakt-anfahrt\/","title":{"rendered":"Contact\/Directions"},"content":{"rendered":"\t\t<div data-elementor-type=\"wp-page\" data-elementor-id=\"756\" class=\"elementor elementor-756 elementor-87\" data-elementor-post-type=\"page\">\n\t\t\t\t<div class=\"elementor-element elementor-element-d70ee08 e-flex e-con-boxed e-con e-parent\" data-id=\"d70ee08\" data-element_type=\"container\" data-e-type=\"container\">\n\t\t\t\t\t<div class=\"e-con-inner\">\n\t\t\t\t<div class=\"elementor-element elementor-element-0a6cd61 h1 no-margin elementor-widget elementor-widget-heading\" data-id=\"0a6cd61\" data-element_type=\"widget\" data-e-type=\"widget\" data-widget_type=\"heading.default\">\n\t\t\t\t<div class=\"elementor-widget-container\">\n\t\t\t\t\t<h2 class=\"elementor-heading-title elementor-size-default\">Contact<\/h2>\t\t\t\t<\/div>\n\t\t\t\t<\/div>\n\t\t\t\t<div class=\"elementor-element elementor-element-13d1539 elementor-widget elementor-widget-heading\" data-id=\"13d1539\" data-element_type=\"widget\" data-e-type=\"widget\" data-widget_type=\"heading.default\">\n\t\t\t\t<div class=\"elementor-widget-container\">\n\t\t\t\t\t<h3 class=\"elementor-heading-title elementor-size-default\">and Directions<\/h3>\t\t\t\t<\/div>\n\t\t\t\t<\/div>\n\t\t\t\t<div class=\"elementor-element elementor-element-e35021f elementor-widget elementor-widget-text-editor\" data-id=\"e35021f\" data-element_type=\"widget\" data-e-type=\"widget\" data-widget_type=\"text-editor.default\">\n\t\t\t\t<div class=\"elementor-widget-container\">\n\t\t\t\t\t\t\t\t\t<p><strong>Dear guest,<\/strong><\/p><p>do you have questions about your booking, would you like more information about our hotel, or is there another reason you would like to contact us? We are at your service.<\/p>\t\t\t\t\t\t\t\t<\/div>\n\t\t\t\t<\/div>\n\t\t\t\t\t<\/div>\n\t\t\t\t<\/div>\n\t\t<div class=\"elementor-element elementor-element-13e323e e-flex e-con-boxed e-con e-parent\" data-id=\"13e323e\" data-element_type=\"container\" data-e-type=\"container\">\n\t\t\t\t\t<div class=\"e-con-inner\">\n\t\t<div class=\"elementor-element elementor-element-cd2663b e-con-full e-flex e-con e-child\" data-id=\"cd2663b\" data-element_type=\"container\" data-e-type=\"container\">\n\t\t\t\t<div class=\"elementor-element elementor-element-21d4cfb elementor-widget elementor-widget-text-editor\" data-id=\"21d4cfb\" data-element_type=\"widget\" data-e-type=\"widget\" data-widget_type=\"text-editor.default\">\n\t\t\t\t<div class=\"elementor-widget-container\">\n\t\t\t\t\t\t\t\t\t<h3>Address<\/h3><p>D\u00fcrer Hotel N\u00fcrnberg<br \/>Coming Home Hotel GmbH<br \/>Neutormauer 32<br \/>90403 N\u00fcrnberg<\/p><h3>Contact<\/h3><p>Telephone: +49 (0) 9 11 \/ 21 46 65-0<br \/>Fax: +49 (0) 9 11 \/ 21 46 65-555<br \/>E-Mail:\u00a0<a title=\"E-Mail schreiben\" href=\"mailto:info(@)duerer-hotel.de\">info(@)duerer-hotel.de<\/a><\/p>\t\t\t\t\t\t\t\t<\/div>\n\t\t\t\t<\/div>\n\t\t\t\t<\/div>\n\t\t<div class=\"elementor-element elementor-element-5933465 e-con-full e-flex e-con e-child\" data-id=\"5933465\" data-element_type=\"container\" data-e-type=\"container\">\n\t\t\t\t<div class=\"elementor-element elementor-element-1671a69 elementor-widget elementor-widget-text-editor\" data-id=\"1671a69\" data-element_type=\"widget\" data-e-type=\"widget\" data-widget_type=\"text-editor.default\">\n\t\t\t\t<div class=\"elementor-widget-container\">\n\t\t\t\t\t\t\t\t\t<div><div class=\"title-block title-size-medium vc_txt_align_left colored \"><div class=\"ovh\"><h3 class=\"title\">Directions by car<\/h3><\/div><\/div><\/div><div><p>When travelling by car, enter the address Radbrunnengasse 8 in the vehicle navigation!\u00a0<\/p><p>Or use our route planner (powered by Google\u00ae) to find the fastest route to the Hotel D\u00fcrer in Nuremberg.<\/p><\/div>\t\t\t\t\t\t\t\t<\/div>\n\t\t\t\t<\/div>\n\t\t\t\t<div class=\"elementor-element elementor-element-1e4bdf4 elementor-widget elementor-widget-button\" data-id=\"1e4bdf4\" data-element_type=\"widget\" data-e-type=\"widget\" data-widget_type=\"button.default\">\n\t\t\t\t<div class=\"elementor-widget-container\">\n\t\t\t\t\t\t\t\t\t<div class=\"elementor-button-wrapper\">\n\t\t\t\t\t<a class=\"elementor-button elementor-button-link elementor-size-sm\" href=\"https:\/\/www.google.de\/maps\/place\/D%C3%BCrer+-+Hotel+N%C3%BCrnberg\/@49.4569479,11.0707584,17z\/data=!3m1!4b1!4m11!3m10!1s0x479f57b1e1c5dc25:0x455278b91c5618a6!5m4!1s2023-12-21!2i2!4m1!1i2!8m2!3d49.4569444!4d11.0733333!16s%2Fg%2F1w04j2jy?entry=ttu\" target=\"_blank\">\n\t\t\t\t\t\t<span class=\"elementor-button-content-wrapper\">\n\t\t\t\t\t\t\t\t\t<span class=\"elementor-button-text\">Show on google maps<\/span>\n\t\t\t\t\t<\/span>\n\t\t\t\t\t<\/a>\n\t\t\t\t<\/div>\n\t\t\t\t\t\t\t\t<\/div>\n\t\t\t\t<\/div>\n\t\t\t\t<\/div>\n\t\t\t\t\t<\/div>\n\t\t\t\t<\/div>\n\t\t<div class=\"elementor-element elementor-element-855a9e4 e-flex e-con-boxed e-con e-parent\" data-id=\"855a9e4\" data-element_type=\"container\" data-e-type=\"container\" data-settings=\"{&quot;background_background&quot;:&quot;classic&quot;}\">\n\t\t\t\t\t<div class=\"e-con-inner\">\n\t\t\t\t<div class=\"elementor-element elementor-element-8e09a02 elementor-widget elementor-widget-heading\" data-id=\"8e09a02\" data-element_type=\"widget\" data-e-type=\"widget\" data-widget_type=\"heading.default\">\n\t\t\t\t<div class=\"elementor-widget-container\">\n\t\t\t\t\t<h3 class=\"elementor-heading-title elementor-size-default\">Contact form<\/h3>\t\t\t\t<\/div>\n\t\t\t\t<\/div>\n\t\t\t\t<div class=\"elementor-element elementor-element-6cfd2d6 elementor-button-align-stretch elementor-widget elementor-widget-form\" data-id=\"6cfd2d6\" data-element_type=\"widget\" data-e-type=\"widget\" data-settings=\"{&quot;button_width&quot;:&quot;50&quot;,&quot;step_next_label&quot;:&quot;N\\u00e4chster&quot;,&quot;step_previous_label&quot;:&quot;Voriger&quot;,&quot;step_type&quot;:&quot;number_text&quot;,&quot;step_icon_shape&quot;:&quot;circle&quot;}\" data-widget_type=\"form.default\">\n\t\t\t\t<div class=\"elementor-widget-container\">\n\t\t\t\t\t\t\t<form class=\"elementor-form\" method=\"post\" name=\"Neues Formular\" aria-label=\"Neues Formular\">\n\t\t\t<input type=\"hidden\" name=\"post_id\" value=\"756\"\/>\n\t\t\t<input type=\"hidden\" name=\"form_id\" value=\"6cfd2d6\"\/>\n\t\t\t<input type=\"hidden\" name=\"referer_title\" value=\"Contact\/Directions - D\u00fcrer Hotel\" \/>\n\n\t\t\t\t\t\t\t<input type=\"hidden\" name=\"queried_id\" value=\"756\"\/>\n\t\t\t\n\t\t\t<div class=\"elementor-form-fields-wrapper elementor-labels-above\">\n\t\t\t\t\t\t\t\t<div class=\"elementor-field-type-radio elementor-field-group elementor-column elementor-field-group-field_b2bd4ff elementor-col-100 elementor-field-required elementor-mark-required\">\n\t\t\t\t\t\t\t\t\t\t\t\t<label for=\"form-field-field_b2bd4ff\" class=\"elementor-field-label\">\n\t\t\t\t\t\t\t\tAnrede\t\t\t\t\t\t\t<\/label>\n\t\t\t\t\t\t<div class=\"elementor-field-subgroup  elementor-subgroup-inline\"><span class=\"elementor-field-option\"><input type=\"radio\" value=\"Mr.\" id=\"form-field-field_b2bd4ff-0\" name=\"form_fields[field_b2bd4ff]\" required=\"required\"> <label for=\"form-field-field_b2bd4ff-0\">Mr.<\/label><\/span><span class=\"elementor-field-option\"><input type=\"radio\" value=\"Mrs.\" id=\"form-field-field_b2bd4ff-1\" name=\"form_fields[field_b2bd4ff]\" required=\"required\"> <label for=\"form-field-field_b2bd4ff-1\">Mrs.<\/label><\/span><span class=\"elementor-field-option\"><input type=\"radio\" value=\"Divers\" id=\"form-field-field_b2bd4ff-2\" name=\"form_fields[field_b2bd4ff]\" required=\"required\"> <label for=\"form-field-field_b2bd4ff-2\">Divers<\/label><\/span><\/div>\t\t\t\t<\/div>\n\t\t\t\t\t\t\t\t<div class=\"elementor-field-type-text elementor-field-group elementor-column elementor-field-group-name elementor-col-50 elementor-field-required elementor-mark-required\">\n\t\t\t\t\t\t\t\t\t\t\t\t<label for=\"form-field-name\" class=\"elementor-field-label\">\n\t\t\t\t\t\t\t\tFirst name\t\t\t\t\t\t\t<\/label>\n\t\t\t\t\t\t\t\t\t\t\t\t\t\t<input size=\"1\" type=\"text\" name=\"form_fields[name]\" id=\"form-field-name\" class=\"elementor-field elementor-size-sm  elementor-field-textual\" placeholder=\"First name\" required=\"required\">\n\t\t\t\t\t\t\t\t\t\t\t<\/div>\n\t\t\t\t\t\t\t\t<div class=\"elementor-field-type-text elementor-field-group elementor-column elementor-field-group-field_9a794b0 elementor-col-50 elementor-field-required elementor-mark-required\">\n\t\t\t\t\t\t\t\t\t\t\t\t<label for=\"form-field-field_9a794b0\" class=\"elementor-field-label\">\n\t\t\t\t\t\t\t\tLast Name\t\t\t\t\t\t\t<\/label>\n\t\t\t\t\t\t\t\t\t\t\t\t\t\t<input size=\"1\" type=\"text\" name=\"form_fields[field_9a794b0]\" id=\"form-field-field_9a794b0\" class=\"elementor-field elementor-size-sm  elementor-field-textual\" placeholder=\"Last Name\" required=\"required\">\n\t\t\t\t\t\t\t\t\t\t\t<\/div>\n\t\t\t\t\t\t\t\t<div class=\"elementor-field-type-email elementor-field-group elementor-column elementor-field-group-field_3aa8cf2 elementor-col-50 elementor-field-required elementor-mark-required\">\n\t\t\t\t\t\t\t\t\t\t\t\t<label for=\"form-field-field_3aa8cf2\" class=\"elementor-field-label\">\n\t\t\t\t\t\t\t\tE-Mail\t\t\t\t\t\t\t<\/label>\n\t\t\t\t\t\t\t\t\t\t\t\t\t\t<input size=\"1\" type=\"email\" name=\"form_fields[field_3aa8cf2]\" id=\"form-field-field_3aa8cf2\" class=\"elementor-field elementor-size-sm  elementor-field-textual\" placeholder=\"E-Mail\" required=\"required\">\n\t\t\t\t\t\t\t\t\t\t\t<\/div>\n\t\t\t\t\t\t\t\t<div class=\"elementor-field-type-text elementor-field-group elementor-column elementor-field-group-email elementor-col-50 elementor-field-required elementor-mark-required\">\n\t\t\t\t\t\t\t\t\t\t\t\t<label for=\"form-field-email\" class=\"elementor-field-label\">\n\t\t\t\t\t\t\t\tPhone\t\t\t\t\t\t\t<\/label>\n\t\t\t\t\t\t\t\t\t\t\t\t\t\t<input size=\"1\" type=\"text\" name=\"form_fields[email]\" id=\"form-field-email\" class=\"elementor-field elementor-size-sm  elementor-field-textual\" placeholder=\"Phone\" required=\"required\">\n\t\t\t\t\t\t\t\t\t\t\t<\/div>\n\t\t\t\t\t\t\t\t<div class=\"elementor-field-type-text elementor-field-group elementor-column elementor-field-group-field_9403360 elementor-col-50\">\n\t\t\t\t\t\t\t\t\t\t\t\t<label for=\"form-field-field_9403360\" class=\"elementor-field-label\">\n\t\t\t\t\t\t\t\tTitle \/ Academ. degree\t\t\t\t\t\t\t<\/label>\n\t\t\t\t\t\t\t\t\t\t\t\t\t\t<input size=\"1\" type=\"text\" name=\"form_fields[field_9403360]\" id=\"form-field-field_9403360\" class=\"elementor-field elementor-size-sm  elementor-field-textual\" placeholder=\"Title \/ Academ. degree\">\n\t\t\t\t\t\t\t\t\t\t\t<\/div>\n\t\t\t\t\t\t\t\t<div class=\"elementor-field-type-text elementor-field-group elementor-column elementor-field-group-field_eb6cc84 elementor-col-50\">\n\t\t\t\t\t\t\t\t\t\t\t\t<label for=\"form-field-field_eb6cc84\" class=\"elementor-field-label\">\n\t\t\t\t\t\t\t\tReservation number\t\t\t\t\t\t\t<\/label>\n\t\t\t\t\t\t\t\t\t\t\t\t\t\t<input size=\"1\" type=\"text\" name=\"form_fields[field_eb6cc84]\" id=\"form-field-field_eb6cc84\" class=\"elementor-field elementor-size-sm  elementor-field-textual\" placeholder=\"(optional)\">\n\t\t\t\t\t\t\t\t\t\t\t<\/div>\n\t\t\t\t\t\t\t\t<div class=\"elementor-field-type-text\">\n\t\t\t\t\t<input size=\"1\" type=\"text\" name=\"form_fields[field_109ded1]\" id=\"form-field-field_109ded1\" class=\"elementor-field elementor-size-sm \" style=\"display:none !important;\">\t\t\t\t<\/div>\n\t\t\t\t\t\t\t\t<div class=\"elementor-field-type-text elementor-field-group elementor-column elementor-field-group-field_5e920b5 elementor-col-100 elementor-field-required elementor-mark-required\">\n\t\t\t\t\t\t\t\t\t\t\t\t<label for=\"form-field-field_5e920b5\" class=\"elementor-field-label\">\n\t\t\t\t\t\t\t\tSubject\t\t\t\t\t\t\t<\/label>\n\t\t\t\t\t\t\t\t\t\t\t\t\t\t<input size=\"1\" type=\"text\" name=\"form_fields[field_5e920b5]\" id=\"form-field-field_5e920b5\" class=\"elementor-field elementor-size-sm  elementor-field-textual\" placeholder=\"your concern?\" required=\"required\">\n\t\t\t\t\t\t\t\t\t\t\t<\/div>\n\t\t\t\t\t\t\t\t<div class=\"elementor-field-type-textarea elementor-field-group elementor-column elementor-field-group-message elementor-col-100 elementor-field-required elementor-mark-required\">\n\t\t\t\t\t\t\t\t\t\t\t\t<label for=\"form-field-message\" class=\"elementor-field-label\">\n\t\t\t\t\t\t\t\tYour question or comment\t\t\t\t\t\t\t<\/label>\n\t\t\t\t\t\t<textarea class=\"elementor-field-textual elementor-field  elementor-size-sm\" name=\"form_fields[message]\" id=\"form-field-message\" rows=\"4\" placeholder=\"Message\" required=\"required\"><\/textarea>\t\t\t\t<\/div>\n\t\t\t\t\t\t\t\t<div class=\"elementor-field-type-acceptance elementor-field-group elementor-column elementor-field-group-field_d86e555 elementor-col-100 elementor-field-required elementor-mark-required\">\n\t\t\t\t\t\t\t<div class=\"elementor-field-subgroup\">\n\t\t\t<span class=\"elementor-field-option\">\n\t\t\t\t<input type=\"checkbox\" name=\"form_fields[field_d86e555]\" id=\"form-field-field_d86e555\" class=\"elementor-field elementor-size-sm  elementor-acceptance-field\" required=\"required\">\n\t\t\t\t<label for=\"form-field-field_d86e555\">hereby I confirm the collection, storage and processing of my data, stored in the above form to the required scope of the correspondence with Hotel D\u00fcrer.<\/label>\t\t\t<\/span>\n\t\t<\/div>\n\t\t\t\t\t\t<\/div>\n\t\t\t\t\t\t\t\t<div class=\"elementor-field-group elementor-column elementor-field-type-submit elementor-col-50 e-form__buttons\">\n\t\t\t\t\t<button class=\"elementor-button elementor-size-sm\" type=\"submit\">\n\t\t\t\t\t\t<span class=\"elementor-button-content-wrapper\">\n\t\t\t\t\t\t\t\t\t\t\t\t\t\t\t\t\t\t\t\t\t\t<span class=\"elementor-button-text\">Submit<\/span>\n\t\t\t\t\t\t\t\t\t\t\t\t\t<\/span>\n\t\t\t\t\t<\/button>\n\t\t\t\t<\/div>\n\t\t\t<\/div>\n\t\t<\/form>\n\t\t\t\t\t\t<\/div>\n\t\t\t\t<\/div>\n\t\t\t\t\t<\/div>\n\t\t\t\t<\/div>\n\t\t\t\t<\/div>\n\t\t","protected":false},"excerpt":{"rendered":"<p>Contact and Directions Dear guest, do you have questions about your booking, would you like more information about our hotel, or is there another reason you would like to contact us? We are at your service. Address D\u00fcrer Hotel N\u00fcrnbergComing Home Hotel GmbHNeutormauer 3290403 N\u00fcrnberg Contact Telephone: +49 (0) 9 11 \/ 21 46 65-0Fax: [&hellip;]<\/p>\n","protected":false},"author":2,"featured_media":320,"parent":0,"menu_order":17,"comment_status":"closed","ping_status":"closed","template":"","meta":{"footnotes":""},"class_list":["post-756","page","type-page","status-publish","has-post-thumbnail","hentry"],"yoast_head":"<!-- This site is optimized with the Yoast SEO plugin v27.2 - https:\/\/yoast.com\/product\/yoast-seo-wordpress\/ -->\n<title>Contact\/Directions - D\u00fcrer Hotel<\/title>\n<meta name=\"robots\" content=\"index, follow, max-snippet:-1, max-image-preview:large, max-video-preview:-1\" \/>\n<link rel=\"canonical\" href=\"https:\/\/www.duerer-hotel.de\/en\/kontakt-anfahrt\/\" \/>\n<meta property=\"og:locale\" content=\"en_US\" \/>\n<meta property=\"og:type\" content=\"article\" \/>\n<meta property=\"og:title\" content=\"Contact\/Directions - D\u00fcrer Hotel\" \/>\n<meta property=\"og:description\" content=\"Contact and Directions Dear guest, do you have questions about your booking, would you like more information about our hotel, or is there another reason you would like to contact us? We are at your service. Address D\u00fcrer Hotel N\u00fcrnbergComing Home Hotel GmbHNeutormauer 3290403 N\u00fcrnberg Contact Telephone: +49 (0) 9 11 \/ 21 46 65-0Fax: [&hellip;]\" \/>\n<meta property=\"og:url\" content=\"https:\/\/www.duerer-hotel.de\/en\/kontakt-anfahrt\/\" \/>\n<meta property=\"og:site_name\" content=\"D\u00fcrer Hotel\" \/>\n<meta property=\"article:modified_time\" content=\"2025-12-30T09:39:43+00:00\" \/>\n<meta property=\"og:image\" content=\"https:\/\/www.duerer-hotel.de\/wp-content\/uploads\/2023\/09\/effekt_empfang-ecke.jpeg\" \/>\n\t<meta property=\"og:image:width\" content=\"1623\" \/>\n\t<meta property=\"og:image:height\" content=\"1080\" \/>\n\t<meta property=\"og:image:type\" content=\"image\/jpeg\" \/>\n<meta name=\"twitter:card\" content=\"summary_large_image\" \/>\n<meta name=\"twitter:label1\" content=\"Est. reading time\" \/>\n\t<meta name=\"twitter:data1\" content=\"1 minute\" \/>\n<script type=\"application\/ld+json\" class=\"yoast-schema-graph\">{\"@context\":\"https:\/\/schema.org\",\"@graph\":[{\"@type\":\"WebPage\",\"@id\":\"https:\/\/www.duerer-hotel.de\/en\/kontakt-anfahrt\/\",\"url\":\"https:\/\/www.duerer-hotel.de\/en\/kontakt-anfahrt\/\",\"name\":\"Contact\/Directions - D\u00fcrer Hotel\",\"isPartOf\":{\"@id\":\"https:\/\/www.duerer-hotel.de\/#website\"},\"primaryImageOfPage\":{\"@id\":\"https:\/\/www.duerer-hotel.de\/en\/kontakt-anfahrt\/#primaryimage\"},\"image\":{\"@id\":\"https:\/\/www.duerer-hotel.de\/en\/kontakt-anfahrt\/#primaryimage\"},\"thumbnailUrl\":\"https:\/\/www.duerer-hotel.de\/wp-content\/uploads\/2023\/09\/effekt_empfang-ecke.jpeg\",\"datePublished\":\"2023-09-19T10:05:54+00:00\",\"dateModified\":\"2025-12-30T09:39:43+00:00\",\"breadcrumb\":{\"@id\":\"https:\/\/www.duerer-hotel.de\/en\/kontakt-anfahrt\/#breadcrumb\"},\"inLanguage\":\"en-US\",\"potentialAction\":[{\"@type\":\"ReadAction\",\"target\":[\"https:\/\/www.duerer-hotel.de\/en\/kontakt-anfahrt\/\"]}]},{\"@type\":\"ImageObject\",\"inLanguage\":\"en-US\",\"@id\":\"https:\/\/www.duerer-hotel.de\/en\/kontakt-anfahrt\/#primaryimage\",\"url\":\"https:\/\/www.duerer-hotel.de\/wp-content\/uploads\/2023\/09\/effekt_empfang-ecke.jpeg\",\"contentUrl\":\"https:\/\/www.duerer-hotel.de\/wp-content\/uploads\/2023\/09\/effekt_empfang-ecke.jpeg\",\"width\":1623,\"height\":1080,\"caption\":\"Reception area of the D\u00fcrer Hotel\"},{\"@type\":\"BreadcrumbList\",\"@id\":\"https:\/\/www.duerer-hotel.de\/en\/kontakt-anfahrt\/#breadcrumb\",\"itemListElement\":[{\"@type\":\"ListItem\",\"position\":1,\"name\":\"Home\",\"item\":\"https:\/\/www.duerer-hotel.de\/en\/\"},{\"@type\":\"ListItem\",\"position\":2,\"name\":\"Contact\/Directions\"}]},{\"@type\":\"WebSite\",\"@id\":\"https:\/\/www.duerer-hotel.de\/#website\",\"url\":\"https:\/\/www.duerer-hotel.de\/\",\"name\":\"D\u00fcrer Hotel\",\"description\":\"D\u00fcrer Hotel in N\u00fcrnberg\",\"publisher\":{\"@id\":\"https:\/\/www.duerer-hotel.de\/#organization\"},\"potentialAction\":[{\"@type\":\"SearchAction\",\"target\":{\"@type\":\"EntryPoint\",\"urlTemplate\":\"https:\/\/www.duerer-hotel.de\/?s={search_term_string}\"},\"query-input\":{\"@type\":\"PropertyValueSpecification\",\"valueRequired\":true,\"valueName\":\"search_term_string\"}}],\"inLanguage\":\"en-US\"},{\"@type\":\"Organization\",\"@id\":\"https:\/\/www.duerer-hotel.de\/#organization\",\"name\":\"D\u00fcrer Hotel\",\"url\":\"https:\/\/www.duerer-hotel.de\/\",\"logo\":{\"@type\":\"ImageObject\",\"inLanguage\":\"en-US\",\"@id\":\"https:\/\/www.duerer-hotel.de\/#\/schema\/logo\/image\/\",\"url\":\"https:\/\/www.duerer-hotel.de\/wp-content\/uploads\/2023\/08\/Duerer-Hotel_Logo_vertikal.png\",\"contentUrl\":\"https:\/\/www.duerer-hotel.de\/wp-content\/uploads\/2023\/08\/Duerer-Hotel_Logo_vertikal.png\",\"width\":500,\"height\":120,\"caption\":\"D\u00fcrer Hotel\"},\"image\":{\"@id\":\"https:\/\/www.duerer-hotel.de\/#\/schema\/logo\/image\/\"}}]}<\/script>\n<!-- \/ Yoast SEO plugin. -->","yoast_head_json":{"title":"Contact\/Directions - D\u00fcrer Hotel","robots":{"index":"index","follow":"follow","max-snippet":"max-snippet:-1","max-image-preview":"max-image-preview:large","max-video-preview":"max-video-preview:-1"},"canonical":"https:\/\/www.duerer-hotel.de\/en\/kontakt-anfahrt\/","og_locale":"en_US","og_type":"article","og_title":"Contact\/Directions - D\u00fcrer Hotel","og_description":"Contact and Directions Dear guest, do you have questions about your booking, would you like more information about our hotel, or is there another reason you would like to contact us? We are at your service. Address D\u00fcrer Hotel N\u00fcrnbergComing Home Hotel GmbHNeutormauer 3290403 N\u00fcrnberg Contact Telephone: +49 (0) 9 11 \/ 21 46 65-0Fax: [&hellip;]","og_url":"https:\/\/www.duerer-hotel.de\/en\/kontakt-anfahrt\/","og_site_name":"D\u00fcrer Hotel","article_modified_time":"2025-12-30T09:39:43+00:00","og_image":[{"width":1623,"height":1080,"url":"https:\/\/www.duerer-hotel.de\/wp-content\/uploads\/2023\/09\/effekt_empfang-ecke.jpeg","type":"image\/jpeg"}],"twitter_card":"summary_large_image","twitter_misc":{"Est. reading time":"1 minute"},"schema":{"@context":"https:\/\/schema.org","@graph":[{"@type":"WebPage","@id":"https:\/\/www.duerer-hotel.de\/en\/kontakt-anfahrt\/","url":"https:\/\/www.duerer-hotel.de\/en\/kontakt-anfahrt\/","name":"Contact\/Directions - D\u00fcrer Hotel","isPartOf":{"@id":"https:\/\/www.duerer-hotel.de\/#website"},"primaryImageOfPage":{"@id":"https:\/\/www.duerer-hotel.de\/en\/kontakt-anfahrt\/#primaryimage"},"image":{"@id":"https:\/\/www.duerer-hotel.de\/en\/kontakt-anfahrt\/#primaryimage"},"thumbnailUrl":"https:\/\/www.duerer-hotel.de\/wp-content\/uploads\/2023\/09\/effekt_empfang-ecke.jpeg","datePublished":"2023-09-19T10:05:54+00:00","dateModified":"2025-12-30T09:39:43+00:00","breadcrumb":{"@id":"https:\/\/www.duerer-hotel.de\/en\/kontakt-anfahrt\/#breadcrumb"},"inLanguage":"en-US","potentialAction":[{"@type":"ReadAction","target":["https:\/\/www.duerer-hotel.de\/en\/kontakt-anfahrt\/"]}]},{"@type":"ImageObject","inLanguage":"en-US","@id":"https:\/\/www.duerer-hotel.de\/en\/kontakt-anfahrt\/#primaryimage","url":"https:\/\/www.duerer-hotel.de\/wp-content\/uploads\/2023\/09\/effekt_empfang-ecke.jpeg","contentUrl":"https:\/\/www.duerer-hotel.de\/wp-content\/uploads\/2023\/09\/effekt_empfang-ecke.jpeg","width":1623,"height":1080,"caption":"Reception area of the D\u00fcrer Hotel"},{"@type":"BreadcrumbList","@id":"https:\/\/www.duerer-hotel.de\/en\/kontakt-anfahrt\/#breadcrumb","itemListElement":[{"@type":"ListItem","position":1,"name":"Home","item":"https:\/\/www.duerer-hotel.de\/en\/"},{"@type":"ListItem","position":2,"name":"Contact\/Directions"}]},{"@type":"WebSite","@id":"https:\/\/www.duerer-hotel.de\/#website","url":"https:\/\/www.duerer-hotel.de\/","name":"D\u00fcrer Hotel","description":"D\u00fcrer Hotel in N\u00fcrnberg","publisher":{"@id":"https:\/\/www.duerer-hotel.de\/#organization"},"potentialAction":[{"@type":"SearchAction","target":{"@type":"EntryPoint","urlTemplate":"https:\/\/www.duerer-hotel.de\/?s={search_term_string}"},"query-input":{"@type":"PropertyValueSpecification","valueRequired":true,"valueName":"search_term_string"}}],"inLanguage":"en-US"},{"@type":"Organization","@id":"https:\/\/www.duerer-hotel.de\/#organization","name":"D\u00fcrer Hotel","url":"https:\/\/www.duerer-hotel.de\/","logo":{"@type":"ImageObject","inLanguage":"en-US","@id":"https:\/\/www.duerer-hotel.de\/#\/schema\/logo\/image\/","url":"https:\/\/www.duerer-hotel.de\/wp-content\/uploads\/2023\/08\/Duerer-Hotel_Logo_vertikal.png","contentUrl":"https:\/\/www.duerer-hotel.de\/wp-content\/uploads\/2023\/08\/Duerer-Hotel_Logo_vertikal.png","width":500,"height":120,"caption":"D\u00fcrer Hotel"},"image":{"@id":"https:\/\/www.duerer-hotel.de\/#\/schema\/logo\/image\/"}}]}},"_links":{"self":[{"href":"https:\/\/www.duerer-hotel.de\/en\/wp-json\/wp\/v2\/pages\/756","targetHints":{"allow":["GET"]}}],"collection":[{"href":"https:\/\/www.duerer-hotel.de\/en\/wp-json\/wp\/v2\/pages"}],"about":[{"href":"https:\/\/www.duerer-hotel.de\/en\/wp-json\/wp\/v2\/types\/page"}],"author":[{"embeddable":true,"href":"https:\/\/www.duerer-hotel.de\/en\/wp-json\/wp\/v2\/users\/2"}],"replies":[{"embeddable":true,"href":"https:\/\/www.duerer-hotel.de\/en\/wp-json\/wp\/v2\/comments?post=756"}],"version-history":[{"count":3,"href":"https:\/\/www.duerer-hotel.de\/en\/wp-json\/wp\/v2\/pages\/756\/revisions"}],"predecessor-version":[{"id":1931,"href":"https:\/\/www.duerer-hotel.de\/en\/wp-json\/wp\/v2\/pages\/756\/revisions\/1931"}],"wp:featuredmedia":[{"embeddable":true,"href":"https:\/\/www.duerer-hotel.de\/en\/wp-json\/wp\/v2\/media\/320"}],"wp:attachment":[{"href":"https:\/\/www.duerer-hotel.de\/en\/wp-json\/wp\/v2\/media?parent=756"}],"curies":[{"name":"wp","href":"https:\/\/api.w.org\/{rel}","templated":true}]}}