{"id":744,"date":"2023-09-19T12:04:58","date_gmt":"2023-09-19T10:04:58","guid":{"rendered":"https:\/\/www.duerer-hotel.de\/tagen\/"},"modified":"2025-04-11T10:21:13","modified_gmt":"2025-04-11T08:21:13","slug":"conferences","status":"publish","type":"page","link":"https:\/\/www.duerer-hotel.de\/en\/conferences\/","title":{"rendered":"Conferences"},"content":{"rendered":"\t\t<div data-elementor-type=\"wp-page\" data-elementor-id=\"744\" class=\"elementor elementor-744 elementor-83\" data-elementor-post-type=\"page\">\n\t\t\t\t<div class=\"elementor-element elementor-element-c3600a3 e-flex e-con-boxed e-con e-parent\" data-id=\"c3600a3\" data-element_type=\"container\" data-e-type=\"container\">\n\t\t\t\t\t<div class=\"e-con-inner\">\n\t\t\t\t<div class=\"elementor-element elementor-element-c5b26e9 h1 no-margin elementor-widget elementor-widget-heading\" data-id=\"c5b26e9\" data-element_type=\"widget\" data-e-type=\"widget\" data-widget_type=\"heading.default\">\n\t\t\t\t<div class=\"elementor-widget-container\">\n\t\t\t\t\t<h2 class=\"elementor-heading-title elementor-size-default\">Conferences in the Hotel D\u00fcrer<\/h2>\t\t\t\t<\/div>\n\t\t\t\t<\/div>\n\t\t\t\t<div class=\"elementor-element elementor-element-d43bdfa elementor-widget elementor-widget-heading\" data-id=\"d43bdfa\" data-element_type=\"widget\" data-e-type=\"widget\" data-widget_type=\"heading.default\">\n\t\t\t\t<div class=\"elementor-widget-container\">\n\t\t\t\t\t<h3 class=\"elementor-heading-title elementor-size-default\">Your success deserves the right surroundings<\/h3>\t\t\t\t<\/div>\n\t\t\t\t<\/div>\n\t\t\t\t<div class=\"elementor-element elementor-element-3b7c765 elementor-widget elementor-widget-text-editor\" data-id=\"3b7c765\" data-element_type=\"widget\" data-e-type=\"widget\" data-widget_type=\"text-editor.default\">\n\t\t\t\t<div class=\"elementor-widget-container\">\n\t\t\t\t\t\t\t\t\t<p>Whether small discussion groups or larger seminars, workshops, training, meetings, or conferences (up to 30 persons): we offer the right accommodations with both daylight and dimming. All presentation technology is included. Projectors are available to you at no additional charge. Even when discussions become heated, it never gets too hot in our air-conditioned conference room.<\/p>\t\t\t\t\t\t\t\t<\/div>\n\t\t\t\t<\/div>\n\t\t\t\t\t<\/div>\n\t\t\t\t<\/div>\n\t\t<div class=\"elementor-element elementor-element-0ebd763 e-flex e-con-boxed e-con e-parent\" data-id=\"0ebd763\" data-element_type=\"container\" data-e-type=\"container\">\n\t\t\t\t\t<div class=\"e-con-inner\">\n\t\t<div class=\"elementor-element elementor-element-8c9ac3e e-con-full e-flex e-con e-child\" data-id=\"8c9ac3e\" data-element_type=\"container\" data-e-type=\"container\">\n\t\t\t\t<div class=\"elementor-element elementor-element-2a33c10 elementor-widget elementor-widget-text-editor\" data-id=\"2a33c10\" data-element_type=\"widget\" data-e-type=\"widget\" data-widget_type=\"text-editor.default\">\n\t\t\t\t<div class=\"elementor-widget-container\">\n\t\t\t\t\t\t\t\t\t<h3 class=\"no-margin\">We prepare everything to perfection<\/h3><h4>and see to your needs!<\/h4><p>The inspiring environment creates an atmosphere in which you can\u00a0 concentrate on your work, completely at ease. The right surroundings for an open mind, new inspiration and creative ideas. Our experienced and competent team prepares everything in advance according to your wishes and remains at your disposal throughout your event.<\/p><p>Feel free to <a title=\"Contact\/Directions\" href=\"\/en\/kontakt-anfahrt\">contact us<\/a> for a non-binding quotation!<\/p>\t\t\t\t\t\t\t\t<\/div>\n\t\t\t\t<\/div>\n\t\t\t\t<div class=\"elementor-element elementor-element-84146bf elementor-icon-list--layout-traditional elementor-list-item-link-full_width elementor-widget elementor-widget-icon-list\" data-id=\"84146bf\" data-element_type=\"widget\" data-e-type=\"widget\" data-widget_type=\"icon-list.default\">\n\t\t\t\t<div class=\"elementor-widget-container\">\n\t\t\t\t\t\t\t<ul class=\"elementor-icon-list-items\">\n\t\t\t\t\t\t\t<li class=\"elementor-icon-list-item\">\n\t\t\t\t\t\t\t\t\t\t\t<a href=\"https:\/\/www.duerer-hotel.de\/wp-content\/uploads\/2023\/10\/bestuhlung.jpg\">\n\n\t\t\t\t\t\t\t\t\t\t\t\t<span class=\"elementor-icon-list-icon\">\n\t\t\t\t\t\t\t<i aria-hidden=\"true\" class=\"fas fa-arrow-right\"><\/i>\t\t\t\t\t\t<\/span>\n\t\t\t\t\t\t\t\t\t\t<span class=\"elementor-icon-list-text\">Show Graphic Seating<\/span>\n\t\t\t\t\t\t\t\t\t\t\t<\/a>\n\t\t\t\t\t\t\t\t\t<\/li>\n\t\t\t\t\t\t\t\t<li class=\"elementor-icon-list-item\">\n\t\t\t\t\t\t\t\t\t\t\t<a href=\"https:\/\/www.duerer-hotel.de\/wp-content\/uploads\/2023\/10\/raumgroesse.png\" target=\"_blank\">\n\n\t\t\t\t\t\t\t\t\t\t\t\t<span class=\"elementor-icon-list-icon\">\n\t\t\t\t\t\t\t<i aria-hidden=\"true\" class=\"fas fa-arrow-right\"><\/i>\t\t\t\t\t\t<\/span>\n\t\t\t\t\t\t\t\t\t\t<span class=\"elementor-icon-list-text\">Show Graphic Room size<\/span>\n\t\t\t\t\t\t\t\t\t\t\t<\/a>\n\t\t\t\t\t\t\t\t\t<\/li>\n\t\t\t\t\t\t<\/ul>\n\t\t\t\t\t\t<\/div>\n\t\t\t\t<\/div>\n\t\t\t\t<\/div>\n\t\t<div class=\"elementor-element elementor-element-4752ea1 e-con-full e-flex e-con e-child\" data-id=\"4752ea1\" data-element_type=\"container\" data-e-type=\"container\">\n\t\t\t\t<div class=\"elementor-element elementor-element-2b0ab2f elementor-widget elementor-widget-image\" data-id=\"2b0ab2f\" data-element_type=\"widget\" data-e-type=\"widget\" data-widget_type=\"image.default\">\n\t\t\t\t<div class=\"elementor-widget-container\">\n\t\t\t\t\t\t\t\t\t\t\t\t\t\t\t<img fetchpriority=\"high\" decoding=\"async\" width=\"800\" height=\"533\" src=\"https:\/\/www.duerer-hotel.de\/wp-content\/uploads\/2023\/10\/tagungen_02-1024x682.jpeg\" class=\"attachment-large size-large wp-image-461\" alt=\"The conference room of the D\u00fcrer Hotel\" srcset=\"https:\/\/www.duerer-hotel.de\/wp-content\/uploads\/2023\/10\/tagungen_02-1024x682.jpeg 1024w, https:\/\/www.duerer-hotel.de\/wp-content\/uploads\/2023\/10\/tagungen_02-300x200.jpeg 300w, https:\/\/www.duerer-hotel.de\/wp-content\/uploads\/2023\/10\/tagungen_02-768x511.jpeg 768w, https:\/\/www.duerer-hotel.de\/wp-content\/uploads\/2023\/10\/tagungen_02-1536x1022.jpeg 1536w, https:\/\/www.duerer-hotel.de\/wp-content\/uploads\/2023\/10\/tagungen_02.jpeg 1600w\" sizes=\"(max-width: 800px) 100vw, 800px\" \/>\t\t\t\t\t\t\t\t\t\t\t\t\t\t\t<\/div>\n\t\t\t\t<\/div>\n\t\t\t\t<\/div>\n\t\t\t\t\t<\/div>\n\t\t\t\t<\/div>\n\t\t<div class=\"elementor-element elementor-element-ed648c1 e-flex e-con-boxed e-con e-parent\" data-id=\"ed648c1\" data-element_type=\"container\" data-e-type=\"container\" data-settings=\"{&quot;background_background&quot;:&quot;classic&quot;}\">\n\t\t\t\t\t<div class=\"e-con-inner\">\n\t\t\t\t<div class=\"elementor-element elementor-element-20ed651 elementor-widget elementor-widget-heading\" data-id=\"20ed651\" data-element_type=\"widget\" data-e-type=\"widget\" data-widget_type=\"heading.default\">\n\t\t\t\t<div class=\"elementor-widget-container\">\n\t\t\t\t\t<h2 class=\"elementor-heading-title elementor-size-default\">Our conference offering<\/h2>\t\t\t\t<\/div>\n\t\t\t\t<\/div>\n\t\t\t\t<div class=\"elementor-element elementor-element-2d1bc9c elementor-widget elementor-widget-text-editor\" data-id=\"2d1bc9c\" data-element_type=\"widget\" data-e-type=\"widget\" data-widget_type=\"text-editor.default\">\n\t\t\t\t<div class=\"elementor-widget-container\">\n\t\t\t\t\t\t\t\t\t<h6>Conference room with standard technology<\/h6><ul><li>Projectors and overhead projectors<\/li><li>Flip chart and white board with pens<\/li><li>Pin boards, moderator kits, and meeting notepads with pen<\/li><\/ul><p><b>Morning coffee break<\/b><\/p><ul><li>Coffee\/tea<\/li><li>Delicious bakery, biscuits<\/li><li>Fruit and yoghurt<\/li><\/ul><p class=\"p1\"><b>Afternoon coffee break<\/b><\/p><ul><li class=\"li1\">Coffee\/tea<\/li><li class=\"li1\">Cakes<\/li><li class=\"li1\">Fruit and crackers<\/li><\/ul><h6>Beverages for the conference<\/h6><ul><li class=\"li1\">Large bottles in any quantity (mineral water, orange juice, apple juice, cola, Fanta, Sprite)<\/li><\/ul><p class=\"p1\"><b>Choice of dinner<\/b><\/p><ul><li class=\"li1\">Three-course meal or<\/li><li class=\"li1\">finger foods as a standing buffet<\/li><\/ul><h6>Prices on request<\/h6>\t\t\t\t\t\t\t\t<\/div>\n\t\t\t\t<\/div>\n\t\t\t\t\t<\/div>\n\t\t\t\t<\/div>\n\t\t<div class=\"elementor-element elementor-element-fbbf731 elementor-hidden-desktop elementor-hidden-tablet elementor-hidden-mobile e-flex e-con-boxed e-con e-parent\" data-id=\"fbbf731\" data-element_type=\"container\" data-e-type=\"container\">\n\t\t\t\t\t<div class=\"e-con-inner\">\n\t\t\t\t<div class=\"elementor-element elementor-element-8df32e9 elementor-widget elementor-widget-heading\" data-id=\"8df32e9\" data-element_type=\"widget\" data-e-type=\"widget\" data-widget_type=\"heading.default\">\n\t\t\t\t<div class=\"elementor-widget-container\">\n\t\t\t\t\t<h3 class=\"elementor-heading-title elementor-size-default\">Further offers and options<\/h3>\t\t\t\t<\/div>\n\t\t\t\t<\/div>\n\t\t\t\t<div class=\"elementor-element elementor-element-82096dd elementor-widget elementor-widget-text-editor\" data-id=\"82096dd\" data-element_type=\"widget\" data-e-type=\"widget\" data-widget_type=\"text-editor.default\">\n\t\t\t\t<div class=\"elementor-widget-container\">\n\t\t\t\t\t\t\t\t\t<table><colgroup> <col style=\"width: 68%;\" \/><\/colgroup><tbody><tr><td><b>Accommodations<\/b> \u00a0including standard technology for 15 guests<\/td><td>per day<\/td><td style=\"text-align: right;\">from\u00a0\u20ac 260,00<\/td><\/tr><tr><td><b>Beverage rate<\/b> (for large bottles)<\/td><td>per person<\/td><td style=\"text-align: right;\">\u20ac 6,00<\/td><\/tr><tr><td><b>Coffee break<\/b> (with service, see all-inclusive conference rate)<\/td><td>per person<\/td><td style=\"text-align: right;\">\u20ac 8,00<\/td><\/tr><tr><td><b>Coffee<\/b> (without service)<\/td><td>per decanter<\/td><td style=\"text-align: right;\">\u20ac 11,00<\/td><\/tr><tr><td><b>Open sandwich<\/b><\/td><td>each<\/td><td style=\"text-align: right;\">\u20ac 2,20<\/td><\/tr><tr><td><b>Canap\u00e9<\/b><\/td><td>each<\/td><td style=\"text-align: right;\">\u20ac 2,30<\/td><\/tr><tr><td><b>Pretzel<\/b><\/td><td>each<\/td><td style=\"text-align: right;\">\u20ac 1,70<\/td><\/tr><tr><td><b>Lunch package<\/b> (two open sandwiches, yoghurt, cheese, chocolate bar, and beverage)<\/td><td>per person<\/td><td style=\"text-align: right;\">\u20ac 6,50<\/td><\/tr><\/tbody><\/table>\t\t\t\t\t\t\t\t<\/div>\n\t\t\t\t<\/div>\n\t\t\t\t\t<\/div>\n\t\t\t\t<\/div>\n\t\t\t\t<\/div>\n\t\t","protected":false},"excerpt":{"rendered":"<p>Conferences in the Hotel D\u00fcrer Your success deserves the right surroundings Whether small discussion groups or larger seminars, workshops, training, meetings, or conferences (up to 30 persons): we offer the right accommodations with both daylight and dimming. All presentation technology is included. Projectors are available to you at no additional charge. Even when discussions become [&hellip;]<\/p>\n","protected":false},"author":2,"featured_media":456,"parent":0,"menu_order":4,"comment_status":"closed","ping_status":"closed","template":"","meta":{"footnotes":""},"class_list":["post-744","page","type-page","status-publish","has-post-thumbnail","hentry"],"yoast_head":"<!-- This site is optimized with the Yoast SEO plugin v27.5 - https:\/\/yoast.com\/product\/yoast-seo-wordpress\/ -->\n<title>Conferences - D\u00fcrer Hotel<\/title>\n<meta name=\"robots\" content=\"index, follow, max-snippet:-1, max-image-preview:large, max-video-preview:-1\" \/>\n<link rel=\"canonical\" href=\"https:\/\/www.duerer-hotel.de\/en\/conferences\/\" \/>\n<meta property=\"og:locale\" content=\"en_US\" \/>\n<meta property=\"og:type\" content=\"article\" \/>\n<meta property=\"og:title\" content=\"Conferences - D\u00fcrer Hotel\" \/>\n<meta property=\"og:description\" content=\"Conferences in the Hotel D\u00fcrer Your success deserves the right surroundings Whether small discussion groups or larger seminars, workshops, training, meetings, or conferences (up to 30 persons): we offer the right accommodations with both daylight and dimming. All presentation technology is included. Projectors are available to you at no additional charge. Even when discussions become [&hellip;]\" \/>\n<meta property=\"og:url\" content=\"https:\/\/www.duerer-hotel.de\/en\/conferences\/\" \/>\n<meta property=\"og:site_name\" content=\"D\u00fcrer Hotel\" \/>\n<meta property=\"article:modified_time\" content=\"2025-04-11T08:21:13+00:00\" \/>\n<meta property=\"og:image\" content=\"https:\/\/www.duerer-hotel.de\/wp-content\/uploads\/2023\/10\/effekt_tagungen_01.jpg\" \/>\n\t<meta property=\"og:image:width\" content=\"1600\" \/>\n\t<meta property=\"og:image:height\" content=\"1065\" \/>\n\t<meta property=\"og:image:type\" content=\"image\/jpeg\" \/>\n<meta name=\"twitter:card\" content=\"summary_large_image\" \/>\n<meta name=\"twitter:label1\" content=\"Est. reading time\" \/>\n\t<meta name=\"twitter:data1\" content=\"2 minutes\" \/>\n<script type=\"application\/ld+json\" class=\"yoast-schema-graph\">{\"@context\":\"https:\\\/\\\/schema.org\",\"@graph\":[{\"@type\":\"WebPage\",\"@id\":\"https:\\\/\\\/www.duerer-hotel.de\\\/en\\\/conferences\\\/\",\"url\":\"https:\\\/\\\/www.duerer-hotel.de\\\/en\\\/conferences\\\/\",\"name\":\"Conferences - D\u00fcrer Hotel\",\"isPartOf\":{\"@id\":\"https:\\\/\\\/www.duerer-hotel.de\\\/#website\"},\"primaryImageOfPage\":{\"@id\":\"https:\\\/\\\/www.duerer-hotel.de\\\/en\\\/conferences\\\/#primaryimage\"},\"image\":{\"@id\":\"https:\\\/\\\/www.duerer-hotel.de\\\/en\\\/conferences\\\/#primaryimage\"},\"thumbnailUrl\":\"https:\\\/\\\/www.duerer-hotel.de\\\/wp-content\\\/uploads\\\/2023\\\/10\\\/effekt_tagungen_01.jpg\",\"datePublished\":\"2023-09-19T10:04:58+00:00\",\"dateModified\":\"2025-04-11T08:21:13+00:00\",\"breadcrumb\":{\"@id\":\"https:\\\/\\\/www.duerer-hotel.de\\\/en\\\/conferences\\\/#breadcrumb\"},\"inLanguage\":\"en-US\",\"potentialAction\":[{\"@type\":\"ReadAction\",\"target\":[\"https:\\\/\\\/www.duerer-hotel.de\\\/en\\\/conferences\\\/\"]}]},{\"@type\":\"ImageObject\",\"inLanguage\":\"en-US\",\"@id\":\"https:\\\/\\\/www.duerer-hotel.de\\\/en\\\/conferences\\\/#primaryimage\",\"url\":\"https:\\\/\\\/www.duerer-hotel.de\\\/wp-content\\\/uploads\\\/2023\\\/10\\\/effekt_tagungen_01.jpg\",\"contentUrl\":\"https:\\\/\\\/www.duerer-hotel.de\\\/wp-content\\\/uploads\\\/2023\\\/10\\\/effekt_tagungen_01.jpg\",\"width\":1600,\"height\":1065,\"caption\":\"The conference room of the D\u00fcrer Hotel\"},{\"@type\":\"BreadcrumbList\",\"@id\":\"https:\\\/\\\/www.duerer-hotel.de\\\/en\\\/conferences\\\/#breadcrumb\",\"itemListElement\":[{\"@type\":\"ListItem\",\"position\":1,\"name\":\"Home\",\"item\":\"https:\\\/\\\/www.duerer-hotel.de\\\/en\\\/\"},{\"@type\":\"ListItem\",\"position\":2,\"name\":\"Conferences\"}]},{\"@type\":\"WebSite\",\"@id\":\"https:\\\/\\\/www.duerer-hotel.de\\\/#website\",\"url\":\"https:\\\/\\\/www.duerer-hotel.de\\\/\",\"name\":\"D\u00fcrer Hotel\",\"description\":\"D\u00fcrer Hotel in N\u00fcrnberg\",\"publisher\":{\"@id\":\"https:\\\/\\\/www.duerer-hotel.de\\\/#organization\"},\"potentialAction\":[{\"@type\":\"SearchAction\",\"target\":{\"@type\":\"EntryPoint\",\"urlTemplate\":\"https:\\\/\\\/www.duerer-hotel.de\\\/?s={search_term_string}\"},\"query-input\":{\"@type\":\"PropertyValueSpecification\",\"valueRequired\":true,\"valueName\":\"search_term_string\"}}],\"inLanguage\":\"en-US\"},{\"@type\":\"Organization\",\"@id\":\"https:\\\/\\\/www.duerer-hotel.de\\\/#organization\",\"name\":\"D\u00fcrer Hotel\",\"url\":\"https:\\\/\\\/www.duerer-hotel.de\\\/\",\"logo\":{\"@type\":\"ImageObject\",\"inLanguage\":\"en-US\",\"@id\":\"https:\\\/\\\/www.duerer-hotel.de\\\/#\\\/schema\\\/logo\\\/image\\\/\",\"url\":\"https:\\\/\\\/www.duerer-hotel.de\\\/wp-content\\\/uploads\\\/2023\\\/08\\\/Duerer-Hotel_Logo_vertikal.png\",\"contentUrl\":\"https:\\\/\\\/www.duerer-hotel.de\\\/wp-content\\\/uploads\\\/2023\\\/08\\\/Duerer-Hotel_Logo_vertikal.png\",\"width\":500,\"height\":120,\"caption\":\"D\u00fcrer Hotel\"},\"image\":{\"@id\":\"https:\\\/\\\/www.duerer-hotel.de\\\/#\\\/schema\\\/logo\\\/image\\\/\"}}]}<\/script>\n<!-- \/ Yoast SEO plugin. -->","yoast_head_json":{"title":"Conferences - D\u00fcrer Hotel","robots":{"index":"index","follow":"follow","max-snippet":"max-snippet:-1","max-image-preview":"max-image-preview:large","max-video-preview":"max-video-preview:-1"},"canonical":"https:\/\/www.duerer-hotel.de\/en\/conferences\/","og_locale":"en_US","og_type":"article","og_title":"Conferences - D\u00fcrer Hotel","og_description":"Conferences in the Hotel D\u00fcrer Your success deserves the right surroundings Whether small discussion groups or larger seminars, workshops, training, meetings, or conferences (up to 30 persons): we offer the right accommodations with both daylight and dimming. All presentation technology is included. Projectors are available to you at no additional charge. Even when discussions become [&hellip;]","og_url":"https:\/\/www.duerer-hotel.de\/en\/conferences\/","og_site_name":"D\u00fcrer Hotel","article_modified_time":"2025-04-11T08:21:13+00:00","og_image":[{"width":1600,"height":1065,"url":"https:\/\/www.duerer-hotel.de\/wp-content\/uploads\/2023\/10\/effekt_tagungen_01.jpg","type":"image\/jpeg"}],"twitter_card":"summary_large_image","twitter_misc":{"Est. reading time":"2 minutes"},"schema":{"@context":"https:\/\/schema.org","@graph":[{"@type":"WebPage","@id":"https:\/\/www.duerer-hotel.de\/en\/conferences\/","url":"https:\/\/www.duerer-hotel.de\/en\/conferences\/","name":"Conferences - D\u00fcrer Hotel","isPartOf":{"@id":"https:\/\/www.duerer-hotel.de\/#website"},"primaryImageOfPage":{"@id":"https:\/\/www.duerer-hotel.de\/en\/conferences\/#primaryimage"},"image":{"@id":"https:\/\/www.duerer-hotel.de\/en\/conferences\/#primaryimage"},"thumbnailUrl":"https:\/\/www.duerer-hotel.de\/wp-content\/uploads\/2023\/10\/effekt_tagungen_01.jpg","datePublished":"2023-09-19T10:04:58+00:00","dateModified":"2025-04-11T08:21:13+00:00","breadcrumb":{"@id":"https:\/\/www.duerer-hotel.de\/en\/conferences\/#breadcrumb"},"inLanguage":"en-US","potentialAction":[{"@type":"ReadAction","target":["https:\/\/www.duerer-hotel.de\/en\/conferences\/"]}]},{"@type":"ImageObject","inLanguage":"en-US","@id":"https:\/\/www.duerer-hotel.de\/en\/conferences\/#primaryimage","url":"https:\/\/www.duerer-hotel.de\/wp-content\/uploads\/2023\/10\/effekt_tagungen_01.jpg","contentUrl":"https:\/\/www.duerer-hotel.de\/wp-content\/uploads\/2023\/10\/effekt_tagungen_01.jpg","width":1600,"height":1065,"caption":"The conference room of the D\u00fcrer Hotel"},{"@type":"BreadcrumbList","@id":"https:\/\/www.duerer-hotel.de\/en\/conferences\/#breadcrumb","itemListElement":[{"@type":"ListItem","position":1,"name":"Home","item":"https:\/\/www.duerer-hotel.de\/en\/"},{"@type":"ListItem","position":2,"name":"Conferences"}]},{"@type":"WebSite","@id":"https:\/\/www.duerer-hotel.de\/#website","url":"https:\/\/www.duerer-hotel.de\/","name":"D\u00fcrer Hotel","description":"D\u00fcrer Hotel in N\u00fcrnberg","publisher":{"@id":"https:\/\/www.duerer-hotel.de\/#organization"},"potentialAction":[{"@type":"SearchAction","target":{"@type":"EntryPoint","urlTemplate":"https:\/\/www.duerer-hotel.de\/?s={search_term_string}"},"query-input":{"@type":"PropertyValueSpecification","valueRequired":true,"valueName":"search_term_string"}}],"inLanguage":"en-US"},{"@type":"Organization","@id":"https:\/\/www.duerer-hotel.de\/#organization","name":"D\u00fcrer Hotel","url":"https:\/\/www.duerer-hotel.de\/","logo":{"@type":"ImageObject","inLanguage":"en-US","@id":"https:\/\/www.duerer-hotel.de\/#\/schema\/logo\/image\/","url":"https:\/\/www.duerer-hotel.de\/wp-content\/uploads\/2023\/08\/Duerer-Hotel_Logo_vertikal.png","contentUrl":"https:\/\/www.duerer-hotel.de\/wp-content\/uploads\/2023\/08\/Duerer-Hotel_Logo_vertikal.png","width":500,"height":120,"caption":"D\u00fcrer Hotel"},"image":{"@id":"https:\/\/www.duerer-hotel.de\/#\/schema\/logo\/image\/"}}]}},"_links":{"self":[{"href":"https:\/\/www.duerer-hotel.de\/en\/wp-json\/wp\/v2\/pages\/744","targetHints":{"allow":["GET"]}}],"collection":[{"href":"https:\/\/www.duerer-hotel.de\/en\/wp-json\/wp\/v2\/pages"}],"about":[{"href":"https:\/\/www.duerer-hotel.de\/en\/wp-json\/wp\/v2\/types\/page"}],"author":[{"embeddable":true,"href":"https:\/\/www.duerer-hotel.de\/en\/wp-json\/wp\/v2\/users\/2"}],"replies":[{"embeddable":true,"href":"https:\/\/www.duerer-hotel.de\/en\/wp-json\/wp\/v2\/comments?post=744"}],"version-history":[{"count":0,"href":"https:\/\/www.duerer-hotel.de\/en\/wp-json\/wp\/v2\/pages\/744\/revisions"}],"wp:featuredmedia":[{"embeddable":true,"href":"https:\/\/www.duerer-hotel.de\/en\/wp-json\/wp\/v2\/media\/456"}],"wp:attachment":[{"href":"https:\/\/www.duerer-hotel.de\/en\/wp-json\/wp\/v2\/media?parent=744"}],"curies":[{"name":"wp","href":"https:\/\/api.w.org\/{rel}","templated":true}]}}