{"id":725,"date":"2023-11-08T16:22:20","date_gmt":"2023-11-08T14:22:20","guid":{"rendered":"https:\/\/www.duerer-hotel.de\/angebote\/"},"modified":"2025-04-09T16:50:35","modified_gmt":"2025-04-09T14:50:35","slug":"offers","status":"publish","type":"page","link":"https:\/\/www.duerer-hotel.de\/en\/offers\/","title":{"rendered":"Offers"},"content":{"rendered":"\t\t<div data-elementor-type=\"wp-page\" data-elementor-id=\"725\" class=\"elementor elementor-725 elementor-79\" data-elementor-post-type=\"page\">\n\t\t\t\t<div class=\"elementor-element elementor-element-a1b8f6b e-flex e-con-boxed e-con e-parent\" data-id=\"a1b8f6b\" data-element_type=\"container\" data-e-type=\"container\">\n\t\t\t\t\t<div class=\"e-con-inner\">\n\t\t\t\t<div class=\"elementor-element elementor-element-d582ad7 elementor-widget elementor-widget-text-editor\" data-id=\"d582ad7\" data-element_type=\"widget\" data-e-type=\"widget\" data-widget_type=\"text-editor.default\">\n\t\t\t\t<div class=\"elementor-widget-container\">\n\t\t\t\t\t\t\t\t\t<h2 class=\"title\">Our current offers<\/h2><h3 class=\"subtitle\">Take advantage of favourable conditions<\/h3>\t\t\t\t\t\t\t\t<\/div>\n\t\t\t\t<\/div>\n\t\t\t\t\t<\/div>\n\t\t\t\t<\/div>\n\t\t<div class=\"elementor-element elementor-element-4c4a1f9 e-flex e-con-boxed e-con e-parent\" data-id=\"4c4a1f9\" data-element_type=\"container\" data-e-type=\"container\">\n\t\t\t\t\t<div class=\"e-con-inner\">\n\t\t<div class=\"elementor-element elementor-element-80d571a e-con-full e-flex e-con e-child\" data-id=\"80d571a\" data-element_type=\"container\" data-e-type=\"container\" data-settings=\"{&quot;background_background&quot;:&quot;classic&quot;}\">\n\t\t\t\t<div class=\"elementor-element elementor-element-11544af no-margin elementor-widget elementor-widget-heading\" data-id=\"11544af\" data-element_type=\"widget\" data-e-type=\"widget\" data-widget_type=\"heading.default\">\n\t\t\t\t<div class=\"elementor-widget-container\">\n\t\t\t\t\t<h3 class=\"elementor-heading-title elementor-size-default\">Romance for two<\/h3>\t\t\t\t<\/div>\n\t\t\t\t<\/div>\n\t\t\t\t<div class=\"elementor-element elementor-element-db02092 elementor-widget elementor-widget-text-editor\" data-id=\"db02092\" data-element_type=\"widget\" data-e-type=\"widget\" data-widget_type=\"text-editor.default\">\n\t\t\t\t<div class=\"elementor-widget-container\">\n\t\t\t\t\t\t\t\t\t<ul><li>1 night in a junior suite including breakfast from the buffet<\/li><li>1 bottle of sparkling wine<\/li><li>1 fruit platter<\/li><li>2 x bathrobes and 2 x slippers in the room<\/li><li>underground garage parking for 1 vehicle free of charge<\/li><\/ul><h4><em><strong>from \u20ac 110.00 per person and night in a double room*<\/strong><\/em><\/h4>\t\t\t\t\t\t\t\t<\/div>\n\t\t\t\t<\/div>\n\t\t\t\t<\/div>\n\t\t<div class=\"elementor-element elementor-element-bd64f79 e-con-full e-flex e-con e-child\" data-id=\"bd64f79\" data-element_type=\"container\" data-e-type=\"container\" data-settings=\"{&quot;background_background&quot;:&quot;classic&quot;}\">\n\t\t\t\t<div class=\"elementor-element elementor-element-c6aae1d no-margin elementor-widget elementor-widget-heading\" data-id=\"c6aae1d\" data-element_type=\"widget\" data-e-type=\"widget\" data-widget_type=\"heading.default\">\n\t\t\t\t<div class=\"elementor-widget-container\">\n\t\t\t\t\t<h3 class=\"elementor-heading-title elementor-size-default\">Duerer and Nuremberg<\/h3>\t\t\t\t<\/div>\n\t\t\t\t<\/div>\n\t\t\t\t<div class=\"elementor-element elementor-element-021db44 elementor-widget elementor-widget-text-editor\" data-id=\"021db44\" data-element_type=\"widget\" data-e-type=\"widget\" data-widget_type=\"text-editor.default\">\n\t\t\t\t<div class=\"elementor-widget-container\">\n\t\t\t\t\t\t\t\t\t<ul><li>2 nights in a double room, including breakfast from the buffet<\/li><li>1 large bottle of mineral water<\/li><li>1 entry to the Albrecht D\u00fcrer House per person<\/li><li>tickets for old town city tour (small Train 40 min.)<\/li><li>\u00a0underground garage parking for 1 vehicle free of Charge<\/li><\/ul><h4>from \u20ac 180.00 per person in a double room for 2 nights*<\/h4>\t\t\t\t\t\t\t\t<\/div>\n\t\t\t\t<\/div>\n\t\t\t\t<\/div>\n\t\t\t\t\t<\/div>\n\t\t\t\t<\/div>\n\t\t<div class=\"elementor-element elementor-element-80e80a0 e-flex e-con-boxed e-con e-parent\" data-id=\"80e80a0\" data-element_type=\"container\" data-e-type=\"container\">\n\t\t\t\t\t<div class=\"e-con-inner\">\n\t\t<div class=\"elementor-element elementor-element-96df9c4 e-con-full e-flex e-con e-child\" data-id=\"96df9c4\" data-element_type=\"container\" data-e-type=\"container\" data-settings=\"{&quot;background_background&quot;:&quot;classic&quot;}\">\n\t\t\t\t<div class=\"elementor-element elementor-element-e08950e no-margin elementor-widget elementor-widget-heading\" data-id=\"e08950e\" data-element_type=\"widget\" data-e-type=\"widget\" data-widget_type=\"heading.default\">\n\t\t\t\t<div class=\"elementor-widget-container\">\n\t\t\t\t\t<h3 class=\"elementor-heading-title elementor-size-default\">Experience Nuremberg<\/h3>\t\t\t\t<\/div>\n\t\t\t\t<\/div>\n\t\t\t\t<div class=\"elementor-element elementor-element-57717c8 elementor-widget elementor-widget-text-editor\" data-id=\"57717c8\" data-element_type=\"widget\" data-e-type=\"widget\" data-widget_type=\"text-editor.default\">\n\t\t\t\t<div class=\"elementor-widget-container\">\n\t\t\t\t\t\t\t\t\t<ul><li>2 nights in a double room, including breakfast from the buffet<\/li><li>2 Nuremberg Cards (all-inclusive card for museums, places of interest, and public transportation)<\/li><li>1 underground garage parking<\/li><li>1 large bottle of mineral water<\/li><\/ul><h4>from \u20ac 195.00 per person in a double room for 2 nights*<\/h4>\t\t\t\t\t\t\t\t<\/div>\n\t\t\t\t<\/div>\n\t\t\t\t<\/div>\n\t\t<div class=\"elementor-element elementor-element-931266a e-con-full e-flex e-con e-child\" data-id=\"931266a\" data-element_type=\"container\" data-e-type=\"container\" data-settings=\"{&quot;background_background&quot;:&quot;classic&quot;}\">\n\t\t\t\t<div class=\"elementor-element elementor-element-68dbfb6 no-margin elementor-widget elementor-widget-heading\" data-id=\"68dbfb6\" data-element_type=\"widget\" data-e-type=\"widget\" data-widget_type=\"heading.default\">\n\t\t\t\t<div class=\"elementor-widget-container\">\n\t\t\t\t\t<h3 class=\"elementor-heading-title elementor-size-default\">Stop over for Families<\/h3>\t\t\t\t<\/div>\n\t\t\t\t<\/div>\n\t\t\t\t<div class=\"elementor-element elementor-element-4ad53f1 elementor-widget elementor-widget-text-editor\" data-id=\"4ad53f1\" data-element_type=\"widget\" data-e-type=\"widget\" data-widget_type=\"text-editor.default\">\n\t\t\t\t<div class=\"elementor-widget-container\">\n\t\t\t\t\t\t\t\t\t<ul><li>1 night in a\u00a0double room with breakfast from the buffet (two adults and up to\u00a01 children up to age 8 and 1 baby up to age 2)<\/li><li>1 garage parking<\/li><li>use of sauna\/steam bath and fitness area<\/li><li>1 lunch pack per person for continued travel<\/li><\/ul><h4><strong><em>\u20ac 155.00 per double room and night*<\/em><\/strong><\/h4>\t\t\t\t\t\t\t\t<\/div>\n\t\t\t\t<\/div>\n\t\t\t\t<\/div>\n\t\t\t\t\t<\/div>\n\t\t\t\t<\/div>\n\t\t<div class=\"elementor-element elementor-element-d603439 e-flex e-con-boxed e-con e-parent\" data-id=\"d603439\" data-element_type=\"container\" data-e-type=\"container\">\n\t\t\t\t\t<div class=\"e-con-inner\">\n\t\t\t\t<div class=\"elementor-element elementor-element-5c7b201 elementor-widget elementor-widget-text-editor\" data-id=\"5c7b201\" data-element_type=\"widget\" data-e-type=\"widget\" data-widget_type=\"text-editor.default\">\n\t\t\t\t<div class=\"elementor-widget-container\">\n\t\t\t\t\t\t\t\t\t<p style=\"text-align: right;\">*\u00a0All offers are provided on request and according to availability. <br \/>Please observe an advance booking period of 7 days for \u2018Children\u2019s Day in Franken\u2019.<\/p><p style=\"text-align: right;\">Single occupancy surcharge on request.<\/p>\t\t\t\t\t\t\t\t<\/div>\n\t\t\t\t<\/div>\n\t\t\t\t\t<\/div>\n\t\t\t\t<\/div>\n\t\t<div class=\"elementor-element elementor-element-b5d2608 e-flex e-con-boxed e-con e-parent\" data-id=\"b5d2608\" data-element_type=\"container\" data-e-type=\"container\" data-settings=\"{&quot;background_background&quot;:&quot;classic&quot;}\">\n\t\t\t\t\t<div class=\"e-con-inner\">\n\t\t<div class=\"elementor-element elementor-element-c6f167f e-con-full e-flex e-con e-child\" data-id=\"c6f167f\" data-element_type=\"container\" data-e-type=\"container\">\n\t\t\t\t<div class=\"elementor-element elementor-element-5db1176 elementor-view-framed elementor-shape-circle elementor-position-block-start elementor-mobile-position-block-start elementor-widget elementor-widget-global elementor-global-1132 elementor-widget-icon-box\" data-id=\"5db1176\" data-element_type=\"widget\" data-e-type=\"widget\" data-widget_type=\"icon-box.default\">\n\t\t\t\t<div class=\"elementor-widget-container\">\n\t\t\t\t\t\t\t<div class=\"elementor-icon-box-wrapper\">\n\n\t\t\t\t\t\t<div class=\"elementor-icon-box-icon\">\n\t\t\t\t<a href=\"\/en\/hotel\/relaxation\/\" class=\"elementor-icon elementor-animation-shrink\" tabindex=\"-1\" aria-label=\"Relaxation\">\n\t\t\t\t<i aria-hidden=\"true\" class=\"fas fa-heart\"><\/i>\t\t\t\t<\/a>\n\t\t\t<\/div>\n\t\t\t\n\t\t\t\t\t\t<div class=\"elementor-icon-box-content\">\n\n\t\t\t\t\t\t\t\t\t<span class=\"elementor-icon-box-title\">\n\t\t\t\t\t\t<a href=\"\/en\/hotel\/relaxation\/\" >\n\t\t\t\t\t\t\tRelaxation\t\t\t\t\t\t<\/a>\n\t\t\t\t\t<\/span>\n\t\t\t\t\n\t\t\t\t\t\t\t\t\t<p class=\"elementor-icon-box-description\">\n\t\t\t\t\t\tAn enchanting haven of peace in the middle of a living city: our hotel offers everything you need to relax, including an idyllic Mediterranean courtyard.\t\t\t\t\t<\/p>\n\t\t\t\t\n\t\t\t<\/div>\n\t\t\t\n\t\t<\/div>\n\t\t\t\t\t\t<\/div>\n\t\t\t\t<\/div>\n\t\t\t\t<\/div>\n\t\t<div class=\"elementor-element elementor-element-55c7492 e-con-full e-flex e-con e-child\" data-id=\"55c7492\" data-element_type=\"container\" data-e-type=\"container\">\n\t\t\t\t<div class=\"elementor-element elementor-element-34e1a41 elementor-view-framed elementor-shape-circle elementor-position-block-start elementor-mobile-position-block-start elementor-widget elementor-widget-global elementor-global-1129 elementor-widget-icon-box\" data-id=\"34e1a41\" data-element_type=\"widget\" data-e-type=\"widget\" data-widget_type=\"icon-box.default\">\n\t\t\t\t<div class=\"elementor-widget-container\">\n\t\t\t\t\t\t\t<div class=\"elementor-icon-box-wrapper\">\n\n\t\t\t\t\t\t<div class=\"elementor-icon-box-icon\">\n\t\t\t\t<a href=\"\/en\/quality\/\" class=\"elementor-icon elementor-animation-shrink\" tabindex=\"-1\" aria-label=\"Quality\">\n\t\t\t\t<i aria-hidden=\"true\" class=\"fas fa-star\"><\/i>\t\t\t\t<\/a>\n\t\t\t<\/div>\n\t\t\t\n\t\t\t\t\t\t<div class=\"elementor-icon-box-content\">\n\n\t\t\t\t\t\t\t\t\t<span class=\"elementor-icon-box-title\">\n\t\t\t\t\t\t<a href=\"\/en\/quality\/\" >\n\t\t\t\t\t\t\tQuality\t\t\t\t\t\t<\/a>\n\t\t\t\t\t<\/span>\n\t\t\t\t\n\t\t\t\t\t\t\t\t\t<p class=\"elementor-icon-box-description\">\n\t\t\t\t\t\tOur entire focus is on the guest and their well-being. For this reason, it is our philosophy to apply the highest quality standards.\t\t\t\t\t<\/p>\n\t\t\t\t\n\t\t\t<\/div>\n\t\t\t\n\t\t<\/div>\n\t\t\t\t\t\t<\/div>\n\t\t\t\t<\/div>\n\t\t\t\t<\/div>\n\t\t<div class=\"elementor-element elementor-element-92a9542 e-con-full e-flex e-con e-child\" data-id=\"92a9542\" data-element_type=\"container\" data-e-type=\"container\">\n\t\t\t\t<div class=\"elementor-element elementor-element-af810dd elementor-view-framed elementor-shape-circle elementor-position-block-start elementor-mobile-position-block-start elementor-widget elementor-widget-global elementor-global-1157 elementor-widget-icon-box\" data-id=\"af810dd\" data-element_type=\"widget\" data-e-type=\"widget\" data-widget_type=\"icon-box.default\">\n\t\t\t\t<div class=\"elementor-widget-container\">\n\t\t\t\t\t\t\t<div class=\"elementor-icon-box-wrapper\">\n\n\t\t\t\t\t\t<div class=\"elementor-icon-box-icon\">\n\t\t\t\t<a href=\"\/en\/kontakt-anfahrt\/\" class=\"elementor-icon elementor-animation-shrink\" tabindex=\"-1\" aria-label=\"Contact \/ Directions\">\n\t\t\t\t<i aria-hidden=\"true\" class=\"fas fa-phone-alt\"><\/i>\t\t\t\t<\/a>\n\t\t\t<\/div>\n\t\t\t\n\t\t\t\t\t\t<div class=\"elementor-icon-box-content\">\n\n\t\t\t\t\t\t\t\t\t<span class=\"elementor-icon-box-title\">\n\t\t\t\t\t\t<a href=\"\/en\/kontakt-anfahrt\/\" >\n\t\t\t\t\t\t\tContact \/ Directions\t\t\t\t\t\t<\/a>\n\t\t\t\t\t<\/span>\n\t\t\t\t\n\t\t\t\t\t\t\t\t\t<p class=\"elementor-icon-box-description\">\n\t\t\t\t\t\tContact us. We are gladly at your disposal for all booking matters and to address all your enquiries or for further information about D\u00fcrer Hotel and our offering.\t\t\t\t\t<\/p>\n\t\t\t\t\n\t\t\t<\/div>\n\t\t\t\n\t\t<\/div>\n\t\t\t\t\t\t<\/div>\n\t\t\t\t<\/div>\n\t\t\t\t<\/div>\n\t\t\t\t\t<\/div>\n\t\t\t\t<\/div>\n\t\t\t\t<\/div>\n\t\t","protected":false},"excerpt":{"rendered":"<p>Our current offers Take advantage of favourable conditions Romance for two 1 night in a junior suite including breakfast from the buffet 1 bottle of sparkling wine 1 fruit platter 2 x bathrobes and 2 x slippers in the room underground garage parking for 1 vehicle free of charge from \u20ac 110.00 per person and [&hellip;]<\/p>\n","protected":false},"author":2,"featured_media":385,"parent":0,"menu_order":3,"comment_status":"closed","ping_status":"closed","template":"","meta":{"footnotes":""},"class_list":["post-725","page","type-page","status-publish","has-post-thumbnail","hentry"],"yoast_head":"<!-- This site is optimized with the Yoast SEO plugin v27.5 - https:\/\/yoast.com\/product\/yoast-seo-wordpress\/ -->\n<title>Offers - D\u00fcrer Hotel<\/title>\n<meta name=\"robots\" content=\"index, follow, max-snippet:-1, max-image-preview:large, max-video-preview:-1\" \/>\n<link rel=\"canonical\" href=\"https:\/\/www.duerer-hotel.de\/en\/offers\/\" \/>\n<meta property=\"og:locale\" content=\"en_US\" \/>\n<meta property=\"og:type\" content=\"article\" \/>\n<meta property=\"og:title\" content=\"Offers - D\u00fcrer Hotel\" \/>\n<meta property=\"og:description\" content=\"Our current offers Take advantage of favourable conditions Romance for two 1 night in a junior suite including breakfast from the buffet 1 bottle of sparkling wine 1 fruit platter 2 x bathrobes and 2 x slippers in the room underground garage parking for 1 vehicle free of charge from \u20ac 110.00 per person and [&hellip;]\" \/>\n<meta property=\"og:url\" content=\"https:\/\/www.duerer-hotel.de\/en\/offers\/\" \/>\n<meta property=\"og:site_name\" content=\"D\u00fcrer Hotel\" \/>\n<meta property=\"article:modified_time\" content=\"2025-04-09T14:50:35+00:00\" \/>\n<meta property=\"og:image\" content=\"https:\/\/www.duerer-hotel.de\/wp-content\/uploads\/2023\/10\/effekt_aussenansicht-eingangsbereich.jpeg\" \/>\n\t<meta property=\"og:image:width\" content=\"1920\" \/>\n\t<meta property=\"og:image:height\" content=\"1392\" \/>\n\t<meta property=\"og:image:type\" content=\"image\/jpeg\" \/>\n<meta name=\"twitter:card\" content=\"summary_large_image\" \/>\n<meta name=\"twitter:label1\" content=\"Est. reading time\" \/>\n\t<meta name=\"twitter:data1\" content=\"2 minutes\" \/>\n<script type=\"application\/ld+json\" class=\"yoast-schema-graph\">{\"@context\":\"https:\\\/\\\/schema.org\",\"@graph\":[{\"@type\":\"WebPage\",\"@id\":\"https:\\\/\\\/www.duerer-hotel.de\\\/en\\\/offers\\\/\",\"url\":\"https:\\\/\\\/www.duerer-hotel.de\\\/en\\\/offers\\\/\",\"name\":\"Offers - D\u00fcrer Hotel\",\"isPartOf\":{\"@id\":\"https:\\\/\\\/www.duerer-hotel.de\\\/#website\"},\"primaryImageOfPage\":{\"@id\":\"https:\\\/\\\/www.duerer-hotel.de\\\/en\\\/offers\\\/#primaryimage\"},\"image\":{\"@id\":\"https:\\\/\\\/www.duerer-hotel.de\\\/en\\\/offers\\\/#primaryimage\"},\"thumbnailUrl\":\"https:\\\/\\\/www.duerer-hotel.de\\\/wp-content\\\/uploads\\\/2023\\\/10\\\/effekt_aussenansicht-eingangsbereich.jpeg\",\"datePublished\":\"2023-11-08T14:22:20+00:00\",\"dateModified\":\"2025-04-09T14:50:35+00:00\",\"breadcrumb\":{\"@id\":\"https:\\\/\\\/www.duerer-hotel.de\\\/en\\\/offers\\\/#breadcrumb\"},\"inLanguage\":\"en-US\",\"potentialAction\":[{\"@type\":\"ReadAction\",\"target\":[\"https:\\\/\\\/www.duerer-hotel.de\\\/en\\\/offers\\\/\"]}]},{\"@type\":\"ImageObject\",\"inLanguage\":\"en-US\",\"@id\":\"https:\\\/\\\/www.duerer-hotel.de\\\/en\\\/offers\\\/#primaryimage\",\"url\":\"https:\\\/\\\/www.duerer-hotel.de\\\/wp-content\\\/uploads\\\/2023\\\/10\\\/effekt_aussenansicht-eingangsbereich.jpeg\",\"contentUrl\":\"https:\\\/\\\/www.duerer-hotel.de\\\/wp-content\\\/uploads\\\/2023\\\/10\\\/effekt_aussenansicht-eingangsbereich.jpeg\",\"width\":1920,\"height\":1392,\"caption\":\"Exterior view of the D\u00fcrer Hotel\"},{\"@type\":\"BreadcrumbList\",\"@id\":\"https:\\\/\\\/www.duerer-hotel.de\\\/en\\\/offers\\\/#breadcrumb\",\"itemListElement\":[{\"@type\":\"ListItem\",\"position\":1,\"name\":\"Home\",\"item\":\"https:\\\/\\\/www.duerer-hotel.de\\\/en\\\/\"},{\"@type\":\"ListItem\",\"position\":2,\"name\":\"Offers\"}]},{\"@type\":\"WebSite\",\"@id\":\"https:\\\/\\\/www.duerer-hotel.de\\\/#website\",\"url\":\"https:\\\/\\\/www.duerer-hotel.de\\\/\",\"name\":\"D\u00fcrer Hotel\",\"description\":\"D\u00fcrer Hotel in N\u00fcrnberg\",\"publisher\":{\"@id\":\"https:\\\/\\\/www.duerer-hotel.de\\\/#organization\"},\"potentialAction\":[{\"@type\":\"SearchAction\",\"target\":{\"@type\":\"EntryPoint\",\"urlTemplate\":\"https:\\\/\\\/www.duerer-hotel.de\\\/?s={search_term_string}\"},\"query-input\":{\"@type\":\"PropertyValueSpecification\",\"valueRequired\":true,\"valueName\":\"search_term_string\"}}],\"inLanguage\":\"en-US\"},{\"@type\":\"Organization\",\"@id\":\"https:\\\/\\\/www.duerer-hotel.de\\\/#organization\",\"name\":\"D\u00fcrer Hotel\",\"url\":\"https:\\\/\\\/www.duerer-hotel.de\\\/\",\"logo\":{\"@type\":\"ImageObject\",\"inLanguage\":\"en-US\",\"@id\":\"https:\\\/\\\/www.duerer-hotel.de\\\/#\\\/schema\\\/logo\\\/image\\\/\",\"url\":\"https:\\\/\\\/www.duerer-hotel.de\\\/wp-content\\\/uploads\\\/2023\\\/08\\\/Duerer-Hotel_Logo_vertikal.png\",\"contentUrl\":\"https:\\\/\\\/www.duerer-hotel.de\\\/wp-content\\\/uploads\\\/2023\\\/08\\\/Duerer-Hotel_Logo_vertikal.png\",\"width\":500,\"height\":120,\"caption\":\"D\u00fcrer Hotel\"},\"image\":{\"@id\":\"https:\\\/\\\/www.duerer-hotel.de\\\/#\\\/schema\\\/logo\\\/image\\\/\"}}]}<\/script>\n<!-- \/ Yoast SEO plugin. -->","yoast_head_json":{"title":"Offers - D\u00fcrer Hotel","robots":{"index":"index","follow":"follow","max-snippet":"max-snippet:-1","max-image-preview":"max-image-preview:large","max-video-preview":"max-video-preview:-1"},"canonical":"https:\/\/www.duerer-hotel.de\/en\/offers\/","og_locale":"en_US","og_type":"article","og_title":"Offers - D\u00fcrer Hotel","og_description":"Our current offers Take advantage of favourable conditions Romance for two 1 night in a junior suite including breakfast from the buffet 1 bottle of sparkling wine 1 fruit platter 2 x bathrobes and 2 x slippers in the room underground garage parking for 1 vehicle free of charge from \u20ac 110.00 per person and [&hellip;]","og_url":"https:\/\/www.duerer-hotel.de\/en\/offers\/","og_site_name":"D\u00fcrer Hotel","article_modified_time":"2025-04-09T14:50:35+00:00","og_image":[{"width":1920,"height":1392,"url":"https:\/\/www.duerer-hotel.de\/wp-content\/uploads\/2023\/10\/effekt_aussenansicht-eingangsbereich.jpeg","type":"image\/jpeg"}],"twitter_card":"summary_large_image","twitter_misc":{"Est. reading time":"2 minutes"},"schema":{"@context":"https:\/\/schema.org","@graph":[{"@type":"WebPage","@id":"https:\/\/www.duerer-hotel.de\/en\/offers\/","url":"https:\/\/www.duerer-hotel.de\/en\/offers\/","name":"Offers - D\u00fcrer Hotel","isPartOf":{"@id":"https:\/\/www.duerer-hotel.de\/#website"},"primaryImageOfPage":{"@id":"https:\/\/www.duerer-hotel.de\/en\/offers\/#primaryimage"},"image":{"@id":"https:\/\/www.duerer-hotel.de\/en\/offers\/#primaryimage"},"thumbnailUrl":"https:\/\/www.duerer-hotel.de\/wp-content\/uploads\/2023\/10\/effekt_aussenansicht-eingangsbereich.jpeg","datePublished":"2023-11-08T14:22:20+00:00","dateModified":"2025-04-09T14:50:35+00:00","breadcrumb":{"@id":"https:\/\/www.duerer-hotel.de\/en\/offers\/#breadcrumb"},"inLanguage":"en-US","potentialAction":[{"@type":"ReadAction","target":["https:\/\/www.duerer-hotel.de\/en\/offers\/"]}]},{"@type":"ImageObject","inLanguage":"en-US","@id":"https:\/\/www.duerer-hotel.de\/en\/offers\/#primaryimage","url":"https:\/\/www.duerer-hotel.de\/wp-content\/uploads\/2023\/10\/effekt_aussenansicht-eingangsbereich.jpeg","contentUrl":"https:\/\/www.duerer-hotel.de\/wp-content\/uploads\/2023\/10\/effekt_aussenansicht-eingangsbereich.jpeg","width":1920,"height":1392,"caption":"Exterior view of the D\u00fcrer Hotel"},{"@type":"BreadcrumbList","@id":"https:\/\/www.duerer-hotel.de\/en\/offers\/#breadcrumb","itemListElement":[{"@type":"ListItem","position":1,"name":"Home","item":"https:\/\/www.duerer-hotel.de\/en\/"},{"@type":"ListItem","position":2,"name":"Offers"}]},{"@type":"WebSite","@id":"https:\/\/www.duerer-hotel.de\/#website","url":"https:\/\/www.duerer-hotel.de\/","name":"D\u00fcrer Hotel","description":"D\u00fcrer Hotel in N\u00fcrnberg","publisher":{"@id":"https:\/\/www.duerer-hotel.de\/#organization"},"potentialAction":[{"@type":"SearchAction","target":{"@type":"EntryPoint","urlTemplate":"https:\/\/www.duerer-hotel.de\/?s={search_term_string}"},"query-input":{"@type":"PropertyValueSpecification","valueRequired":true,"valueName":"search_term_string"}}],"inLanguage":"en-US"},{"@type":"Organization","@id":"https:\/\/www.duerer-hotel.de\/#organization","name":"D\u00fcrer Hotel","url":"https:\/\/www.duerer-hotel.de\/","logo":{"@type":"ImageObject","inLanguage":"en-US","@id":"https:\/\/www.duerer-hotel.de\/#\/schema\/logo\/image\/","url":"https:\/\/www.duerer-hotel.de\/wp-content\/uploads\/2023\/08\/Duerer-Hotel_Logo_vertikal.png","contentUrl":"https:\/\/www.duerer-hotel.de\/wp-content\/uploads\/2023\/08\/Duerer-Hotel_Logo_vertikal.png","width":500,"height":120,"caption":"D\u00fcrer Hotel"},"image":{"@id":"https:\/\/www.duerer-hotel.de\/#\/schema\/logo\/image\/"}}]}},"_links":{"self":[{"href":"https:\/\/www.duerer-hotel.de\/en\/wp-json\/wp\/v2\/pages\/725","targetHints":{"allow":["GET"]}}],"collection":[{"href":"https:\/\/www.duerer-hotel.de\/en\/wp-json\/wp\/v2\/pages"}],"about":[{"href":"https:\/\/www.duerer-hotel.de\/en\/wp-json\/wp\/v2\/types\/page"}],"author":[{"embeddable":true,"href":"https:\/\/www.duerer-hotel.de\/en\/wp-json\/wp\/v2\/users\/2"}],"replies":[{"embeddable":true,"href":"https:\/\/www.duerer-hotel.de\/en\/wp-json\/wp\/v2\/comments?post=725"}],"version-history":[{"count":0,"href":"https:\/\/www.duerer-hotel.de\/en\/wp-json\/wp\/v2\/pages\/725\/revisions"}],"wp:featuredmedia":[{"embeddable":true,"href":"https:\/\/www.duerer-hotel.de\/en\/wp-json\/wp\/v2\/media\/385"}],"wp:attachment":[{"href":"https:\/\/www.duerer-hotel.de\/en\/wp-json\/wp\/v2\/media?parent=725"}],"curies":[{"name":"wp","href":"https:\/\/api.w.org\/{rel}","templated":true}]}}