{"id":112,"date":"2023-09-19T09:05:52","date_gmt":"2023-09-19T07:05:52","guid":{"rendered":"https:\/\/www.duerer-hotel.de\/contentelemente\/"},"modified":"2023-09-19T09:05:52","modified_gmt":"2023-09-19T07:05:52","slug":"contentelemente","status":"publish","type":"page","link":"https:\/\/www.duerer-hotel.de\/en\/contentelemente\/","title":{"rendered":"Contentelemente"},"content":{"rendered":"\t\t<div data-elementor-type=\"wp-page\" data-elementor-id=\"112\" class=\"elementor elementor-112 elementor-61\" data-elementor-post-type=\"page\">\n\t\t\t\t<div class=\"elementor-element elementor-element-deec190 e-flex e-con-boxed e-con e-parent\" data-id=\"deec190\" data-element_type=\"container\" data-e-type=\"container\">\n\t\t\t\t\t<div class=\"e-con-inner\">\n\t\t<div class=\"elementor-element elementor-element-7eb5f0f e-con-full e-flex e-con e-child\" data-id=\"7eb5f0f\" data-element_type=\"container\" data-e-type=\"container\">\n\t\t\t\t<div class=\"elementor-element elementor-element-3d762d3 elementor-widget elementor-widget-text-editor\" data-id=\"3d762d3\" data-element_type=\"widget\" data-e-type=\"widget\" data-widget_type=\"text-editor.default\">\n\t\t\t\t<div class=\"elementor-widget-container\">\n\t\t\t\t\t\t\t\t\t<h1>Das ist eine sch\u00f6ne \u00dcberschrift H1<\/h1><h2>Das ist eine sch\u00f6ne \u00dcberschrift H2<\/h2><h3>Das ist eine sch\u00f6ne \u00dcberschrift H3<\/h3><h4>Das ist eine sch\u00f6ne \u00dcberschrift H4<\/h4><h5>Das ist eine sch\u00f6ne \u00dcberschrift H5<\/h5><h6>Das ist eine sch\u00f6ne \u00dcberschrift H6<\/h6><p>\u00dcberall dieselbe alte Leier. Das Layout ist fertig, der Text l\u00e4sst auf sich warten. Damit das Layout nun nicht nackt im Raume steht und sich klein und leer vorkommt, springe ich ein: <a href=\"#\">der Blindtext<\/a>. Genau zu diesem Zwecke erschaffen, immer im Schatten meines gro\u00dfen Bruders \u00bbLorem Ipsum\u00ab, freue ich mich jedes Mal, wenn Sie ein paar Zeilen lesen. Denn esse est percipi &#8211; Sein ist wahrgenommen werden. Und weil Sie nun schon die G\u00fcte haben, mich ein paar weitere S\u00e4tze lang zu begleiten, m\u00f6chte ich diese Gelegenheit nutzen, Ihnen nicht nur als L\u00fcckenf\u00fcller zu dienen, sondern auf etwas hinzuweisen, das es ebenso verdient wahrgenommen zu werden: Webstandards n\u00e4mlich. Sehen Sie, Webstandards sind das Regelwerk, auf dem Webseiten aufbauen. So gibt es Regeln f\u00fcr HTML, CSS, JavaScript oder auch XML; Worte, die Sie vielleicht schon einmal von Ihrem Entwickler geh\u00f6rt haben. Diese Standards sorgen daf\u00fcr, dass alle Beteiligten aus einer Webseite den gr\u00f6\u00dften Nutzen ziehen. Im Gegensatz zu fr\u00fcheren Webseiten m\u00fcssen wir zum Beispiel nicht mehr zwei verschiedene Webseiten f\u00fcr den Internet Explorer und einen anderen Browser programmieren. Es reicht eine Seite, die &#8211; richtig angelegt &#8211; sowohl auf verschiedenen Browsern im Netz funktioniert, aber ebenso gut f\u00fcr den Ausdruck oder die Darstellung auf einem Handy geeignet ist. Wohlgemerkt: Eine Seite f\u00fcr alle Formate. Was f\u00fcr eine Erleichterung. Standards sparen Zeit bei den Entwicklungskosten und sorgen daf\u00fcr, dass sich Webseiten sp\u00e4ter leichter pflegen lassen. Nat\u00fcrlich nur dann, wenn sich alle an diese Standards halten. Das gilt f\u00fcr Browser wie Firefox, Opera, Safari und den Internet Explorer ebenso wie f\u00fcr die Darstellung in Handys. Und was k\u00f6nnen Sie f\u00fcr Standards tun? Fordern Sie von Ihren Designern und Programmieren einfach standardkonforme Webseiten. Ihr Budget wird es Ihnen auf Dauer danken. Ebenso m\u00f6chte ich Ihnen daf\u00fcr danken, dass Sie mich bis zum Ende gelesen haben. Meine Mission ist erf\u00fcllt. Ich werde hier noch die Stellung halten, bis der geplante Text eintrifft. Ich w\u00fcnsche Ihnen noch einen sch\u00f6nen Tag. Und arbeiten Sie nicht zuviel!\u00dcberall dieselbe alte Leier. Das Layout ist fertig, der Text l\u00e4sst auf sich warten. Damit das Layout nun nicht nackt im Raume steht und sich klein und leer vorkommt, springe ich ein: der Blindtext. Genau zu diesem Zwecke erschaffen, immer im Schatten meines gro\u00dfen Bruders \u00bbLorem Ipsum\u00ab, freue ich mich jedes Mal, wenn Sie ein paar Zeilen lesen. Denn esse est percipi &#8211; Sein ist wahrgenommen werden.<\/p><p><a href=\"#\">Ich bin ein Link<\/a><\/p><ul><li>Damit das Layout nun nicht nackt im Raume steht und sich klein und leer vorkommt, springe ich ein: der Blindtext.<\/li><li>Denn esse est percipi &#8211; Sein ist wahrgenommen werden.<\/li><li>Denn esse est percipi &#8211; Sein ist wahrgenommen werden.<\/li><li>Genau zu diesem Zwecke erschaffen, immer im Schatten meines gro\u00dfen Bruders \u00bbLorem Ipsum\u00ab, freue ich mich jedes Mal, wenn Sie ein paar Zeilen lesen.<\/li><li>Denn esse est percipi &#8211; Sein ist wahrgenommen werden.<\/li><\/ul><ol><li>Damit das Layout nun nicht nackt im Raume steht und sich klein und leer vorkommt, springe ich ein: der Blindtext.<\/li><li>Denn esse est percipi &#8211; Sein ist wahrgenommen werden.<\/li><li>Denn esse est percipi &#8211; Sein ist wahrgenommen werden.<\/li><li>Genau zu diesem Zwecke erschaffen, immer im Schatten meines gro\u00dfen Bruders \u00bbLorem Ipsum\u00ab, freue ich mich jedes Mal, wenn Sie ein paar Zeilen lesen.<\/li><li>Denn esse est percipi &#8211; Sein ist wahrgenommen werden.<\/li><\/ol><p><button>Button<\/button><\/p>\t\t\t\t\t\t\t\t<\/div>\n\t\t\t\t<\/div>\n\t\t\t\t<\/div>\n\t\t\t\t\t<\/div>\n\t\t\t\t<\/div>\n\t\t\t\t<\/div>\n\t\t","protected":false},"excerpt":{"rendered":"","protected":false},"author":2,"featured_media":280,"parent":0,"menu_order":7,"comment_status":"closed","ping_status":"closed","template":"","meta":{"footnotes":""},"class_list":["post-112","page","type-page","status-publish","has-post-thumbnail","hentry"],"yoast_head":"<!-- This site is optimized with the Yoast SEO plugin v27.2 - https:\/\/yoast.com\/product\/yoast-seo-wordpress\/ -->\n<title>Contentelemente - D\u00fcrer Hotel<\/title>\n<meta name=\"robots\" content=\"index, follow, max-snippet:-1, max-image-preview:large, max-video-preview:-1\" \/>\n<link rel=\"canonical\" href=\"https:\/\/www.duerer-hotel.de\/contentelemente\/\" \/>\n<meta property=\"og:locale\" content=\"en_US\" \/>\n<meta property=\"og:type\" content=\"article\" \/>\n<meta property=\"og:title\" content=\"Contentelemente - D\u00fcrer Hotel\" \/>\n<meta property=\"og:url\" content=\"https:\/\/www.duerer-hotel.de\/contentelemente\/\" \/>\n<meta property=\"og:site_name\" content=\"D\u00fcrer Hotel\" \/>\n<meta name=\"twitter:card\" content=\"summary_large_image\" \/>\n<script type=\"application\/ld+json\" class=\"yoast-schema-graph\">{\"@context\":\"https:\/\/schema.org\",\"@graph\":[{\"@type\":\"WebPage\",\"@id\":\"https:\/\/www.duerer-hotel.de\/contentelemente\/\",\"url\":\"https:\/\/www.duerer-hotel.de\/contentelemente\/\",\"name\":\"Contentelemente - D\u00fcrer Hotel\",\"isPartOf\":{\"@id\":\"https:\/\/www.duerer-hotel.de\/#website\"},\"primaryImageOfPage\":{\"@id\":\"https:\/\/www.duerer-hotel.de\/contentelemente\/#primaryimage\"},\"image\":{\"@id\":\"https:\/\/www.duerer-hotel.de\/contentelemente\/#primaryimage\"},\"thumbnailUrl\":\"https:\/\/www.duerer-hotel.de\/wp-content\/uploads\/2023\/09\/effekt_aussenansicht-eingangsbereich-e1427886067832.jpeg\",\"datePublished\":\"2023-09-19T07:05:52+00:00\",\"breadcrumb\":{\"@id\":\"https:\/\/www.duerer-hotel.de\/contentelemente\/#breadcrumb\"},\"inLanguage\":\"en-US\",\"potentialAction\":[{\"@type\":\"ReadAction\",\"target\":[\"https:\/\/www.duerer-hotel.de\/contentelemente\/\"]}]},{\"@type\":\"ImageObject\",\"inLanguage\":\"en-US\",\"@id\":\"https:\/\/www.duerer-hotel.de\/contentelemente\/#primaryimage\",\"url\":\"https:\/\/www.duerer-hotel.de\/wp-content\/uploads\/2023\/09\/effekt_aussenansicht-eingangsbereich-e1427886067832.jpeg\",\"contentUrl\":\"https:\/\/www.duerer-hotel.de\/wp-content\/uploads\/2023\/09\/effekt_aussenansicht-eingangsbereich-e1427886067832.jpeg\",\"width\":1623,\"height\":1176,\"caption\":\"Exterior view of the D\u00fcrer Hotel\"},{\"@type\":\"BreadcrumbList\",\"@id\":\"https:\/\/www.duerer-hotel.de\/contentelemente\/#breadcrumb\",\"itemListElement\":[{\"@type\":\"ListItem\",\"position\":1,\"name\":\"Home\",\"item\":\"https:\/\/www.duerer-hotel.de\/en\/\"},{\"@type\":\"ListItem\",\"position\":2,\"name\":\"Contentelemente\"}]},{\"@type\":\"WebSite\",\"@id\":\"https:\/\/www.duerer-hotel.de\/#website\",\"url\":\"https:\/\/www.duerer-hotel.de\/\",\"name\":\"D\u00fcrer Hotel\",\"description\":\"D\u00fcrer Hotel in N\u00fcrnberg\",\"publisher\":{\"@id\":\"https:\/\/www.duerer-hotel.de\/#organization\"},\"potentialAction\":[{\"@type\":\"SearchAction\",\"target\":{\"@type\":\"EntryPoint\",\"urlTemplate\":\"https:\/\/www.duerer-hotel.de\/?s={search_term_string}\"},\"query-input\":{\"@type\":\"PropertyValueSpecification\",\"valueRequired\":true,\"valueName\":\"search_term_string\"}}],\"inLanguage\":\"en-US\"},{\"@type\":\"Organization\",\"@id\":\"https:\/\/www.duerer-hotel.de\/#organization\",\"name\":\"D\u00fcrer Hotel\",\"url\":\"https:\/\/www.duerer-hotel.de\/\",\"logo\":{\"@type\":\"ImageObject\",\"inLanguage\":\"en-US\",\"@id\":\"https:\/\/www.duerer-hotel.de\/#\/schema\/logo\/image\/\",\"url\":\"https:\/\/www.duerer-hotel.de\/wp-content\/uploads\/2023\/08\/Duerer-Hotel_Logo_vertikal.png\",\"contentUrl\":\"https:\/\/www.duerer-hotel.de\/wp-content\/uploads\/2023\/08\/Duerer-Hotel_Logo_vertikal.png\",\"width\":500,\"height\":120,\"caption\":\"D\u00fcrer Hotel\"},\"image\":{\"@id\":\"https:\/\/www.duerer-hotel.de\/#\/schema\/logo\/image\/\"}}]}<\/script>\n<!-- \/ Yoast SEO plugin. -->","yoast_head_json":{"title":"Contentelemente - D\u00fcrer Hotel","robots":{"index":"index","follow":"follow","max-snippet":"max-snippet:-1","max-image-preview":"max-image-preview:large","max-video-preview":"max-video-preview:-1"},"canonical":"https:\/\/www.duerer-hotel.de\/contentelemente\/","og_locale":"en_US","og_type":"article","og_title":"Contentelemente - D\u00fcrer Hotel","og_url":"https:\/\/www.duerer-hotel.de\/contentelemente\/","og_site_name":"D\u00fcrer Hotel","twitter_card":"summary_large_image","schema":{"@context":"https:\/\/schema.org","@graph":[{"@type":"WebPage","@id":"https:\/\/www.duerer-hotel.de\/contentelemente\/","url":"https:\/\/www.duerer-hotel.de\/contentelemente\/","name":"Contentelemente - D\u00fcrer Hotel","isPartOf":{"@id":"https:\/\/www.duerer-hotel.de\/#website"},"primaryImageOfPage":{"@id":"https:\/\/www.duerer-hotel.de\/contentelemente\/#primaryimage"},"image":{"@id":"https:\/\/www.duerer-hotel.de\/contentelemente\/#primaryimage"},"thumbnailUrl":"https:\/\/www.duerer-hotel.de\/wp-content\/uploads\/2023\/09\/effekt_aussenansicht-eingangsbereich-e1427886067832.jpeg","datePublished":"2023-09-19T07:05:52+00:00","breadcrumb":{"@id":"https:\/\/www.duerer-hotel.de\/contentelemente\/#breadcrumb"},"inLanguage":"en-US","potentialAction":[{"@type":"ReadAction","target":["https:\/\/www.duerer-hotel.de\/contentelemente\/"]}]},{"@type":"ImageObject","inLanguage":"en-US","@id":"https:\/\/www.duerer-hotel.de\/contentelemente\/#primaryimage","url":"https:\/\/www.duerer-hotel.de\/wp-content\/uploads\/2023\/09\/effekt_aussenansicht-eingangsbereich-e1427886067832.jpeg","contentUrl":"https:\/\/www.duerer-hotel.de\/wp-content\/uploads\/2023\/09\/effekt_aussenansicht-eingangsbereich-e1427886067832.jpeg","width":1623,"height":1176,"caption":"Exterior view of the D\u00fcrer Hotel"},{"@type":"BreadcrumbList","@id":"https:\/\/www.duerer-hotel.de\/contentelemente\/#breadcrumb","itemListElement":[{"@type":"ListItem","position":1,"name":"Home","item":"https:\/\/www.duerer-hotel.de\/en\/"},{"@type":"ListItem","position":2,"name":"Contentelemente"}]},{"@type":"WebSite","@id":"https:\/\/www.duerer-hotel.de\/#website","url":"https:\/\/www.duerer-hotel.de\/","name":"D\u00fcrer Hotel","description":"D\u00fcrer Hotel in N\u00fcrnberg","publisher":{"@id":"https:\/\/www.duerer-hotel.de\/#organization"},"potentialAction":[{"@type":"SearchAction","target":{"@type":"EntryPoint","urlTemplate":"https:\/\/www.duerer-hotel.de\/?s={search_term_string}"},"query-input":{"@type":"PropertyValueSpecification","valueRequired":true,"valueName":"search_term_string"}}],"inLanguage":"en-US"},{"@type":"Organization","@id":"https:\/\/www.duerer-hotel.de\/#organization","name":"D\u00fcrer Hotel","url":"https:\/\/www.duerer-hotel.de\/","logo":{"@type":"ImageObject","inLanguage":"en-US","@id":"https:\/\/www.duerer-hotel.de\/#\/schema\/logo\/image\/","url":"https:\/\/www.duerer-hotel.de\/wp-content\/uploads\/2023\/08\/Duerer-Hotel_Logo_vertikal.png","contentUrl":"https:\/\/www.duerer-hotel.de\/wp-content\/uploads\/2023\/08\/Duerer-Hotel_Logo_vertikal.png","width":500,"height":120,"caption":"D\u00fcrer Hotel"},"image":{"@id":"https:\/\/www.duerer-hotel.de\/#\/schema\/logo\/image\/"}}]}},"_links":{"self":[{"href":"https:\/\/www.duerer-hotel.de\/en\/wp-json\/wp\/v2\/pages\/112","targetHints":{"allow":["GET"]}}],"collection":[{"href":"https:\/\/www.duerer-hotel.de\/en\/wp-json\/wp\/v2\/pages"}],"about":[{"href":"https:\/\/www.duerer-hotel.de\/en\/wp-json\/wp\/v2\/types\/page"}],"author":[{"embeddable":true,"href":"https:\/\/www.duerer-hotel.de\/en\/wp-json\/wp\/v2\/users\/2"}],"replies":[{"embeddable":true,"href":"https:\/\/www.duerer-hotel.de\/en\/wp-json\/wp\/v2\/comments?post=112"}],"version-history":[{"count":0,"href":"https:\/\/www.duerer-hotel.de\/en\/wp-json\/wp\/v2\/pages\/112\/revisions"}],"wp:featuredmedia":[{"embeddable":true,"href":"https:\/\/www.duerer-hotel.de\/en\/wp-json\/wp\/v2\/media\/280"}],"wp:attachment":[{"href":"https:\/\/www.duerer-hotel.de\/en\/wp-json\/wp\/v2\/media?parent=112"}],"curies":[{"name":"wp","href":"https:\/\/api.w.org\/{rel}","templated":true}]}}