{"id":1077,"date":"2023-11-08T10:06:46","date_gmt":"2023-11-08T08:06:46","guid":{"rendered":"https:\/\/www.duerer-hotel.de\/site-notice\/"},"modified":"2023-11-08T10:06:46","modified_gmt":"2023-11-08T08:06:46","slug":"site-notice","status":"publish","type":"page","link":"https:\/\/www.duerer-hotel.de\/en\/site-notice\/","title":{"rendered":"Site Notice"},"content":{"rendered":"\t\t<div data-elementor-type=\"wp-page\" data-elementor-id=\"1077\" class=\"elementor elementor-1077 elementor-1034\" data-elementor-post-type=\"page\">\n\t\t\t\t<div class=\"elementor-element elementor-element-4c75f32 e-flex e-con-boxed e-con e-parent\" data-id=\"4c75f32\" data-element_type=\"container\" data-e-type=\"container\">\n\t\t\t\t\t<div class=\"e-con-inner\">\n\t\t\t\t<div class=\"elementor-element elementor-element-c5f30ea elementor-widget elementor-widget-text-editor\" data-id=\"c5f30ea\" data-element_type=\"widget\" data-e-type=\"widget\" data-widget_type=\"text-editor.default\">\n\t\t\t\t<div class=\"elementor-widget-container\">\n\t\t\t\t\t\t\t\t\t<h3>Angaben gem\u00e4\u00df \u00a7 5 TMG<\/h3><p>Coming Home Hotel GmbH<br \/>Neutormauer 32<br \/>90403 N\u00fcrnberg<\/p><p>Handelsregister: HRB 24748<br \/>Registergericht: Amtsgericht N\u00fcrnberg<\/p><p><strong>Vertreten durch:<\/strong><br \/>Hermine Schenkel,<br \/>Yesim Dinsel<\/p><h3>Kontakt<\/h3><p>Telefon: +49 (0) 9 11 \/ 21 46 65-0<br \/>Telefax: +49 (0) 9 11 \/ 21 46 65-555<br \/>E-Mail: info(@)duerer-hotel.de<\/p><h3>Umsatzsteuer-ID<\/h3><p>Umsatzsteuer-Identifikationsnummer gem\u00e4\u00df \u00a7 27 a Umsatzsteuergesetz:<br \/>DE 262 342 057<\/p><h3>Redaktionell verantwortlich<\/h3><p>Hermine Schenkel<br \/>Neutormauer 32<br \/>90403 N\u00fcrnberg<\/p><h3>EU-Streitschlichtung<\/h3><p>Die Europ\u00e4ische Kommission stellt eine Plattform zur Online-Streitbeilegung (OS) bereit: <a href=\"https:\/\/ec.europa.eu\/consumers\/odr\/\" target=\"_blank\" rel=\"noopener noreferrer\">https:\/\/ec.europa.eu\/consumers\/odr\/<\/a>.<br \/>Unsere E-Mail-Adresse finden Sie oben im Impressum.<\/p><h3>Verbraucher\u00adstreit\u00adbeilegung\/Universal\u00adschlichtungs\u00adstelle<\/h3><p>Wir sind nicht bereit oder verpflichtet, an Streitbeilegungsverfahren vor einer Verbraucherschlichtungsstelle teilzunehmen.<\/p><p>\u00a0<\/p><h3>Design, Realisation &amp; Umsetzung<\/h3><p><strong>ADVERMA Advertising &amp; Marketing GmbH<\/strong><br \/>Lilienthalstra\u00dfe 17<br \/>85296 Rohrbach \/ Germany<br \/>Telefon +49 (0) 84 42 96 78-0<br \/>Telefax +49 (0) 84 42 96 78-68<br \/>Mail\u00a0\u00a0<a href=\"mailto:info@adverma.de\" target=\"_blank\" rel=\"noopener\">info(@)adverma.de<\/a><br \/>Web\u00a0\u00a0<a href=\"http:\/\/www.adverma.de\/\" target=\"_blank\" rel=\"noopener\">www.adverma.de<\/a><\/p>\t\t\t\t\t\t\t\t<\/div>\n\t\t\t\t<\/div>\n\t\t\t\t\t<\/div>\n\t\t\t\t<\/div>\n\t\t\t\t<\/div>\n\t\t","protected":false},"excerpt":{"rendered":"<p>Information pursuant to Sect. 5 German Telemedia Act (TMG) Coming Home Hotel GmbH Neutormauer 32 90403 N\u00fcrnberg Commercial Register: HRB 24748 Registration court: Amtsgericht N\u00fcrnberg Represented by: Hermine Schenkel, Yesim Dinsel Contact Phone: +49 (0) 9 11 \/ 21 46 65-0 Telefax: +49 (0) 9 11 \/ 21 46 65-555 E-mail: info(@)duerer-hotel.de VAT ID Sales [&hellip;]<\/p>\n","protected":false},"author":2,"featured_media":320,"parent":0,"menu_order":16,"comment_status":"closed","ping_status":"closed","template":"","meta":{"footnotes":""},"class_list":["post-1077","page","type-page","status-publish","has-post-thumbnail","hentry"],"yoast_head":"<!-- This site is optimized with the Yoast SEO plugin v27.5 - https:\/\/yoast.com\/product\/yoast-seo-wordpress\/ -->\n<title>Site Notice - D\u00fcrer Hotel<\/title>\n<meta name=\"robots\" content=\"index, follow, max-snippet:-1, max-image-preview:large, max-video-preview:-1\" \/>\n<link rel=\"canonical\" href=\"https:\/\/www.duerer-hotel.de\/site-notice\/\" \/>\n<meta property=\"og:locale\" content=\"en_US\" \/>\n<meta property=\"og:type\" content=\"article\" \/>\n<meta property=\"og:title\" content=\"Site Notice - D\u00fcrer Hotel\" \/>\n<meta property=\"og:description\" content=\"Information pursuant to Sect. 5 German Telemedia Act (TMG) Coming Home Hotel GmbH Neutormauer 32 90403 N\u00fcrnberg Commercial Register: HRB 24748 Registration court: Amtsgericht N\u00fcrnberg Represented by: Hermine Schenkel, Yesim Dinsel Contact Phone: +49 (0) 9 11 \/ 21 46 65-0 Telefax: +49 (0) 9 11 \/ 21 46 65-555 E-mail: info(@)duerer-hotel.de VAT ID Sales [&hellip;]\" \/>\n<meta property=\"og:url\" content=\"https:\/\/www.duerer-hotel.de\/site-notice\/\" \/>\n<meta property=\"og:site_name\" content=\"D\u00fcrer Hotel\" \/>\n<meta name=\"twitter:card\" content=\"summary_large_image\" \/>\n<meta name=\"twitter:label1\" content=\"Est. reading time\" \/>\n\t<meta name=\"twitter:data1\" content=\"1 minute\" \/>\n<script type=\"application\/ld+json\" class=\"yoast-schema-graph\">{\"@context\":\"https:\\\/\\\/schema.org\",\"@graph\":[{\"@type\":\"WebPage\",\"@id\":\"https:\\\/\\\/www.duerer-hotel.de\\\/site-notice\\\/\",\"url\":\"https:\\\/\\\/www.duerer-hotel.de\\\/site-notice\\\/\",\"name\":\"Site Notice - D\u00fcrer Hotel\",\"isPartOf\":{\"@id\":\"https:\\\/\\\/www.duerer-hotel.de\\\/#website\"},\"primaryImageOfPage\":{\"@id\":\"https:\\\/\\\/www.duerer-hotel.de\\\/site-notice\\\/#primaryimage\"},\"image\":{\"@id\":\"https:\\\/\\\/www.duerer-hotel.de\\\/site-notice\\\/#primaryimage\"},\"thumbnailUrl\":\"https:\\\/\\\/www.duerer-hotel.de\\\/wp-content\\\/uploads\\\/2023\\\/09\\\/effekt_empfang-ecke.jpeg\",\"datePublished\":\"2023-11-08T08:06:46+00:00\",\"breadcrumb\":{\"@id\":\"https:\\\/\\\/www.duerer-hotel.de\\\/site-notice\\\/#breadcrumb\"},\"inLanguage\":\"en-US\",\"potentialAction\":[{\"@type\":\"ReadAction\",\"target\":[\"https:\\\/\\\/www.duerer-hotel.de\\\/site-notice\\\/\"]}]},{\"@type\":\"ImageObject\",\"inLanguage\":\"en-US\",\"@id\":\"https:\\\/\\\/www.duerer-hotel.de\\\/site-notice\\\/#primaryimage\",\"url\":\"https:\\\/\\\/www.duerer-hotel.de\\\/wp-content\\\/uploads\\\/2023\\\/09\\\/effekt_empfang-ecke.jpeg\",\"contentUrl\":\"https:\\\/\\\/www.duerer-hotel.de\\\/wp-content\\\/uploads\\\/2023\\\/09\\\/effekt_empfang-ecke.jpeg\",\"width\":1623,\"height\":1080,\"caption\":\"Reception area of the D\u00fcrer Hotel\"},{\"@type\":\"BreadcrumbList\",\"@id\":\"https:\\\/\\\/www.duerer-hotel.de\\\/site-notice\\\/#breadcrumb\",\"itemListElement\":[{\"@type\":\"ListItem\",\"position\":1,\"name\":\"Home\",\"item\":\"https:\\\/\\\/www.duerer-hotel.de\\\/en\\\/\"},{\"@type\":\"ListItem\",\"position\":2,\"name\":\"Site Notice\"}]},{\"@type\":\"WebSite\",\"@id\":\"https:\\\/\\\/www.duerer-hotel.de\\\/#website\",\"url\":\"https:\\\/\\\/www.duerer-hotel.de\\\/\",\"name\":\"D\u00fcrer Hotel\",\"description\":\"D\u00fcrer Hotel in N\u00fcrnberg\",\"publisher\":{\"@id\":\"https:\\\/\\\/www.duerer-hotel.de\\\/#organization\"},\"potentialAction\":[{\"@type\":\"SearchAction\",\"target\":{\"@type\":\"EntryPoint\",\"urlTemplate\":\"https:\\\/\\\/www.duerer-hotel.de\\\/?s={search_term_string}\"},\"query-input\":{\"@type\":\"PropertyValueSpecification\",\"valueRequired\":true,\"valueName\":\"search_term_string\"}}],\"inLanguage\":\"en-US\"},{\"@type\":\"Organization\",\"@id\":\"https:\\\/\\\/www.duerer-hotel.de\\\/#organization\",\"name\":\"D\u00fcrer Hotel\",\"url\":\"https:\\\/\\\/www.duerer-hotel.de\\\/\",\"logo\":{\"@type\":\"ImageObject\",\"inLanguage\":\"en-US\",\"@id\":\"https:\\\/\\\/www.duerer-hotel.de\\\/#\\\/schema\\\/logo\\\/image\\\/\",\"url\":\"https:\\\/\\\/www.duerer-hotel.de\\\/wp-content\\\/uploads\\\/2023\\\/08\\\/Duerer-Hotel_Logo_vertikal.png\",\"contentUrl\":\"https:\\\/\\\/www.duerer-hotel.de\\\/wp-content\\\/uploads\\\/2023\\\/08\\\/Duerer-Hotel_Logo_vertikal.png\",\"width\":500,\"height\":120,\"caption\":\"D\u00fcrer Hotel\"},\"image\":{\"@id\":\"https:\\\/\\\/www.duerer-hotel.de\\\/#\\\/schema\\\/logo\\\/image\\\/\"}}]}<\/script>\n<!-- \/ Yoast SEO plugin. -->","yoast_head_json":{"title":"Site Notice - D\u00fcrer Hotel","robots":{"index":"index","follow":"follow","max-snippet":"max-snippet:-1","max-image-preview":"max-image-preview:large","max-video-preview":"max-video-preview:-1"},"canonical":"https:\/\/www.duerer-hotel.de\/site-notice\/","og_locale":"en_US","og_type":"article","og_title":"Site Notice - D\u00fcrer Hotel","og_description":"Information pursuant to Sect. 5 German Telemedia Act (TMG) Coming Home Hotel GmbH Neutormauer 32 90403 N\u00fcrnberg Commercial Register: HRB 24748 Registration court: Amtsgericht N\u00fcrnberg Represented by: Hermine Schenkel, Yesim Dinsel Contact Phone: +49 (0) 9 11 \/ 21 46 65-0 Telefax: +49 (0) 9 11 \/ 21 46 65-555 E-mail: info(@)duerer-hotel.de VAT ID Sales [&hellip;]","og_url":"https:\/\/www.duerer-hotel.de\/site-notice\/","og_site_name":"D\u00fcrer Hotel","twitter_card":"summary_large_image","twitter_misc":{"Est. reading time":"1 minute"},"schema":{"@context":"https:\/\/schema.org","@graph":[{"@type":"WebPage","@id":"https:\/\/www.duerer-hotel.de\/site-notice\/","url":"https:\/\/www.duerer-hotel.de\/site-notice\/","name":"Site Notice - D\u00fcrer Hotel","isPartOf":{"@id":"https:\/\/www.duerer-hotel.de\/#website"},"primaryImageOfPage":{"@id":"https:\/\/www.duerer-hotel.de\/site-notice\/#primaryimage"},"image":{"@id":"https:\/\/www.duerer-hotel.de\/site-notice\/#primaryimage"},"thumbnailUrl":"https:\/\/www.duerer-hotel.de\/wp-content\/uploads\/2023\/09\/effekt_empfang-ecke.jpeg","datePublished":"2023-11-08T08:06:46+00:00","breadcrumb":{"@id":"https:\/\/www.duerer-hotel.de\/site-notice\/#breadcrumb"},"inLanguage":"en-US","potentialAction":[{"@type":"ReadAction","target":["https:\/\/www.duerer-hotel.de\/site-notice\/"]}]},{"@type":"ImageObject","inLanguage":"en-US","@id":"https:\/\/www.duerer-hotel.de\/site-notice\/#primaryimage","url":"https:\/\/www.duerer-hotel.de\/wp-content\/uploads\/2023\/09\/effekt_empfang-ecke.jpeg","contentUrl":"https:\/\/www.duerer-hotel.de\/wp-content\/uploads\/2023\/09\/effekt_empfang-ecke.jpeg","width":1623,"height":1080,"caption":"Reception area of the D\u00fcrer Hotel"},{"@type":"BreadcrumbList","@id":"https:\/\/www.duerer-hotel.de\/site-notice\/#breadcrumb","itemListElement":[{"@type":"ListItem","position":1,"name":"Home","item":"https:\/\/www.duerer-hotel.de\/en\/"},{"@type":"ListItem","position":2,"name":"Site Notice"}]},{"@type":"WebSite","@id":"https:\/\/www.duerer-hotel.de\/#website","url":"https:\/\/www.duerer-hotel.de\/","name":"D\u00fcrer Hotel","description":"D\u00fcrer Hotel in N\u00fcrnberg","publisher":{"@id":"https:\/\/www.duerer-hotel.de\/#organization"},"potentialAction":[{"@type":"SearchAction","target":{"@type":"EntryPoint","urlTemplate":"https:\/\/www.duerer-hotel.de\/?s={search_term_string}"},"query-input":{"@type":"PropertyValueSpecification","valueRequired":true,"valueName":"search_term_string"}}],"inLanguage":"en-US"},{"@type":"Organization","@id":"https:\/\/www.duerer-hotel.de\/#organization","name":"D\u00fcrer Hotel","url":"https:\/\/www.duerer-hotel.de\/","logo":{"@type":"ImageObject","inLanguage":"en-US","@id":"https:\/\/www.duerer-hotel.de\/#\/schema\/logo\/image\/","url":"https:\/\/www.duerer-hotel.de\/wp-content\/uploads\/2023\/08\/Duerer-Hotel_Logo_vertikal.png","contentUrl":"https:\/\/www.duerer-hotel.de\/wp-content\/uploads\/2023\/08\/Duerer-Hotel_Logo_vertikal.png","width":500,"height":120,"caption":"D\u00fcrer Hotel"},"image":{"@id":"https:\/\/www.duerer-hotel.de\/#\/schema\/logo\/image\/"}}]}},"_links":{"self":[{"href":"https:\/\/www.duerer-hotel.de\/en\/wp-json\/wp\/v2\/pages\/1077","targetHints":{"allow":["GET"]}}],"collection":[{"href":"https:\/\/www.duerer-hotel.de\/en\/wp-json\/wp\/v2\/pages"}],"about":[{"href":"https:\/\/www.duerer-hotel.de\/en\/wp-json\/wp\/v2\/types\/page"}],"author":[{"embeddable":true,"href":"https:\/\/www.duerer-hotel.de\/en\/wp-json\/wp\/v2\/users\/2"}],"replies":[{"embeddable":true,"href":"https:\/\/www.duerer-hotel.de\/en\/wp-json\/wp\/v2\/comments?post=1077"}],"version-history":[{"count":0,"href":"https:\/\/www.duerer-hotel.de\/en\/wp-json\/wp\/v2\/pages\/1077\/revisions"}],"wp:featuredmedia":[{"embeddable":true,"href":"https:\/\/www.duerer-hotel.de\/en\/wp-json\/wp\/v2\/media\/320"}],"wp:attachment":[{"href":"https:\/\/www.duerer-hotel.de\/en\/wp-json\/wp\/v2\/media?parent=1077"}],"curies":[{"name":"wp","href":"https:\/\/api.w.org\/{rel}","templated":true}]}}